{"id":8620,"date":"2021-02-11T14:05:22","date_gmt":"2021-02-11T19:05:22","guid":{"rendered":"https:\/\/pelicanoproperties.mx\/?page_id=8620"},"modified":"2023-02-21T16:53:20","modified_gmt":"2023-02-21T21:53:20","slug":"gran-tulum-2","status":"publish","type":"page","link":"https:\/\/pelicanoproperties.mx\/fr\/gran-tulum-2\/","title":{"rendered":"Les plus pr\u00e8s de la plage"},"content":{"rendered":"<p>[et_pb_section bb_built=\u00a0\u00bb1&Prime; fullwidth=\u00a0\u00bbon\u00a0\u00bb _builder_version=\u00a0\u00bb3.0.64&Prime; custom_padding=\u00a0\u00bb0px|0px|0px|0px\u00a0\u00bb next_background_color=\u00a0\u00bb#000000&Prime;][et_pb_fullwidth_slider _builder_version=\u00a0\u00bb3.21.4&Prime; box_shadow_style=\u00a0\u00bbpreset6&Prime; box_shadow_blur=\u00a0\u00bb10px\u00a0\u00bb box_shadow_color=\u00a0\u00bbrgba(0,0,0,0.1)\u00a0\u00bb custom_padding=\u00a0\u00bb250px||250px|\u00a0\u00bb custom_padding_tablet=\u00a0\u00bb|||\u00a0\u00bb z_index_tablet=\u00a0\u00bb500&Prime; top_padding=\u00a0\u00bb250px\u00a0\u00bb bottom_padding=\u00a0\u00bb250px\u00a0\u00bb show_inner_shadow=\u00a0\u00bbon\u00a0\u00bb button_text_size__hover_enabled=\u00a0\u00bboff\u00a0\u00bb button_text_size__hover=\u00a0\u00bbnull\u00a0\u00bb button_one_text_size__hover_enabled=\u00a0\u00bboff\u00a0\u00bb button_one_text_size__hover=\u00a0\u00bbnull\u00a0\u00bb button_two_text_size__hover_enabled=\u00a0\u00bboff\u00a0\u00bb button_two_text_size__hover=\u00a0\u00bbnull\u00a0\u00bb button_text_color__hover_enabled=\u00a0\u00bboff\u00a0\u00bb button_text_color__hover=\u00a0\u00bbnull\u00a0\u00bb button_one_text_color__hover_enabled=\u00a0\u00bboff\u00a0\u00bb button_one_text_color__hover=\u00a0\u00bbnull\u00a0\u00bb button_two_text_color__hover_enabled=\u00a0\u00bboff\u00a0\u00bb button_two_text_color__hover=\u00a0\u00bbnull\u00a0\u00bb button_border_width__hover_enabled=\u00a0\u00bboff\u00a0\u00bb button_border_width__hover=\u00a0\u00bbnull\u00a0\u00bb button_one_border_width__hover_enabled=\u00a0\u00bboff\u00a0\u00bb button_one_border_width__hover=\u00a0\u00bbnull\u00a0\u00bb button_two_border_width__hover_enabled=\u00a0\u00bboff\u00a0\u00bb button_two_border_width__hover=\u00a0\u00bbnull\u00a0\u00bb button_border_color__hover_enabled=\u00a0\u00bboff\u00a0\u00bb button_border_color__hover=\u00a0\u00bbnull\u00a0\u00bb button_one_border_color__hover_enabled=\u00a0\u00bboff\u00a0\u00bb button_one_border_color__hover=\u00a0\u00bbnull\u00a0\u00bb button_two_border_color__hover_enabled=\u00a0\u00bboff\u00a0\u00bb button_two_border_color__hover=\u00a0\u00bbnull\u00a0\u00bb button_border_radius__hover_enabled=\u00a0\u00bboff\u00a0\u00bb button_border_radius__hover=\u00a0\u00bbnull\u00a0\u00bb button_one_border_radius__hover_enabled=\u00a0\u00bboff\u00a0\u00bb button_one_border_radius__hover=\u00a0\u00bbnull\u00a0\u00bb button_two_border_radius__hover_enabled=\u00a0\u00bboff\u00a0\u00bb button_two_border_radius__hover=\u00a0\u00bbnull\u00a0\u00bb button_letter_spacing__hover_enabled=\u00a0\u00bboff\u00a0\u00bb button_letter_spacing__hover=\u00a0\u00bbnull\u00a0\u00bb button_one_letter_spacing__hover_enabled=\u00a0\u00bboff\u00a0\u00bb button_one_letter_spacing__hover=\u00a0\u00bbnull\u00a0\u00bb button_two_letter_spacing__hover_enabled=\u00a0\u00bboff\u00a0\u00bb button_two_letter_spacing__hover=\u00a0\u00bbnull\u00a0\u00bb button_bg_color__hover_enabled=\u00a0\u00bboff\u00a0\u00bb button_bg_color__hover=\u00a0\u00bbnull\u00a0\u00bb button_one_bg_color__hover_enabled=\u00a0\u00bboff\u00a0\u00bb button_one_bg_color__hover=\u00a0\u00bbnull\u00a0\u00bb button_two_bg_color__hover_enabled=\u00a0\u00bboff\u00a0\u00bb button_two_bg_color__hover=\u00a0\u00bbnull\u00a0\u00bb][et_pb_slide heading=\u00a0\u00bbTL 95&Prime; use_bg_overlay=\u00a0\u00bboff\u00a0\u00bb use_text_overlay=\u00a0\u00bboff\u00a0\u00bb _builder_version=\u00a0\u00bb3.21.4&Prime; header_font=\u00a0\u00bb||||\u00a0\u00bb body_font=\u00a0\u00bb||||\u00a0\u00bb body_font_size=\u00a0\u00bb27&Prime; body_font_size_tablet=\u00a0\u00bb27&Prime; body_font_size_phone=\u00a0\u00bb27&Prime; body_line_height=\u00a0\u00bb2.7em\u00a0\u00bb body_line_height_tablet=\u00a0\u00bb2.7em\u00a0\u00bb body_line_height_phone=\u00a0\u00bb2.7em\u00a0\u00bb background_image=\u00a0\u00bbhttps:\/\/pelicanoproperties.mx\/wp-content\/uploads\/2021\/02\/PISCINAS_4.jpg\u00a0\u00bb parallax=\u00a0\u00bbon\u00a0\u00bb button_on_hover=\u00a0\u00bbon\u00a0\u00bb button_link=\u00a0\u00bb#\u00a0\u00bb url_new_window=\u00a0\u00bboff\u00a0\u00bb link_option_url_new_window=\u00a0\u00bboff\u00a0\u00bb background_color=\u00a0\u00bb#7EBEC5&Prime; use_background_color_gradient=\u00a0\u00bboff\u00a0\u00bb background_color_gradient_start=\u00a0\u00bb#2b87da\u00a0\u00bb background_color_gradient_end=\u00a0\u00bb#29c4a9&Prime; background_color_gradient_type=\u00a0\u00bblinear\u00a0\u00bb background_color_gradient_direction=\u00a0\u00bb180deg\u00a0\u00bb background_color_gradient_direction_radial=\u00a0\u00bbcenter\u00a0\u00bb background_color_gradient_start_position=\u00a0\u00bb0%\u00a0\u00bb background_color_gradient_end_position=\u00a0\u00bb100%\u00a0\u00bb background_color_gradient_overlays_image=\u00a0\u00bboff\u00a0\u00bb parallax_method=\u00a0\u00bbon\u00a0\u00bb background_size=\u00a0\u00bbcover\u00a0\u00bb background_position=\u00a0\u00bbcenter\u00a0\u00bb background_repeat=\u00a0\u00bbno-repeat\u00a0\u00bb background_blend=\u00a0\u00bbnormal\u00a0\u00bb allow_player_pause=\u00a0\u00bboff\u00a0\u00bb background_video_pause_outside_viewport=\u00a0\u00bbon\u00a0\u00bb text_border_radius=\u00a0\u00bb3&Prime; alignment=\u00a0\u00bbcenter\u00a0\u00bb child_filter_hue_rotate=\u00a0\u00bb0deg\u00a0\u00bb child_filter_saturate=\u00a0\u00bb100%\u00a0\u00bb child_filter_brightness=\u00a0\u00bb100%\u00a0\u00bb child_filter_contrast=\u00a0\u00bb100%\u00a0\u00bb child_filter_invert=\u00a0\u00bb0%\u00a0\u00bb child_filter_sepia=\u00a0\u00bb0%\u00a0\u00bb child_filter_opacity=\u00a0\u00bb100%\u00a0\u00bb child_filter_blur=\u00a0\u00bb0px\u00a0\u00bb child_mix_blend_mode=\u00a0\u00bbnormal\u00a0\u00bb background_layout=\u00a0\u00bbdark\u00a0\u00bb text_shadow_style=\u00a0\u00bbnone\u00a0\u00bb header_text_shadow_style=\u00a0\u00bbnone\u00a0\u00bb body_text_shadow_style=\u00a0\u00bbnone\u00a0\u00bb custom_button=\u00a0\u00bboff\u00a0\u00bb button_bg_use_color_gradient=\u00a0\u00bboff\u00a0\u00bb button_bg_color_gradient_overlays_image=\u00a0\u00bboff\u00a0\u00bb button_use_icon=\u00a0\u00bbon\u00a0\u00bb button_text_shadow_style=\u00a0\u00bbnone\u00a0\u00bb box_shadow_style_button=\u00a0\u00bbnone\u00a0\u00bb hover_transition_duration=\u00a0\u00bb300ms\u00a0\u00bb hover_transition_delay=\u00a0\u00bb0ms\u00a0\u00bb hover_transition_speed_curve=\u00a0\u00bbease\u00a0\u00bb text_shadow_horizontal_length=\u00a0\u00bb0em\u00a0\u00bb text_shadow_vertical_length=\u00a0\u00bb0em\u00a0\u00bb text_shadow_blur_strength=\u00a0\u00bb0em\u00a0\u00bb header_text_shadow_horizontal_length=\u00a0\u00bb0em\u00a0\u00bb header_text_shadow_vertical_length=\u00a0\u00bb0em\u00a0\u00bb header_text_shadow_blur_strength=\u00a0\u00bb0em\u00a0\u00bb body_text_shadow_horizontal_length=\u00a0\u00bb0em\u00a0\u00bb body_text_shadow_vertical_length=\u00a0\u00bb0em\u00a0\u00bb body_text_shadow_blur_strength=\u00a0\u00bb0em\u00a0\u00bb button_text_shadow_horizontal_length=\u00a0\u00bb0em\u00a0\u00bb button_text_shadow_vertical_length=\u00a0\u00bb0em\u00a0\u00bb button_text_shadow_blur_strength=\u00a0\u00bb0em\u00a0\u00bb]<\/p>\n<h1>&nbsp;<\/h1>\n<h1>&nbsp;<\/h1>\n<h1 style=\"text-align: center;\"><strong>TULUM<\/strong><\/h1>\n<p>&nbsp;<\/p>\n<p>[\/et_pb_slide][\/et_pb_fullwidth_slider][\/et_pb_section][et_pb_section bb_built=\u00a0\u00bb1&Prime; _builder_version=\u00a0\u00bb3.0.47&Prime; prev_background_color=\u00a0\u00bb#000000&Prime; next_background_color=\u00a0\u00bb#000000&Prime;][et_pb_row][et_pb_column type=\u00a0\u00bb3_5&Prime;][et_pb_text _builder_version=\u00a0\u00bb3.21.4&Prime; text_font=\u00a0\u00bb|||||on|||\u00a0\u00bb text_font_size=\u00a0\u00bb41px\u00a0\u00bb z_index_tablet=\u00a0\u00bb500&Prime;]<\/p>\n<h2>\u00a0<\/h2>\n<h2><strong>245 appartements avec lock off<\/strong><\/h2>\n<h2><strong>2 chambres avec 2 salles de bain\u00a0<\/strong><\/h2>\n<h2>\u00a0<\/h2>\n<h2><strong>A partir de <\/strong><strong>250.705.00 USD<\/strong><\/h2>\n<p>&nbsp;<\/p>\n<h3><strong>&#8211; Piscines\u00a0<\/strong><\/h3>\n<h3><strong>&#8211; Piscines pour enfants<\/strong><\/h3>\n<h3><strong>&#8211; Gymnase<\/strong><\/h3>\n<h3><strong>&#8211; Spa<\/strong><\/h3>\n<h3><strong>&#8211; Club pour enfants<\/strong><\/h3>\n<h3><strong>&#8211; Zone de hamacs<\/strong><\/h3>\n<h3><strong>&#8211; Aire de yoga<\/strong><\/h3>\n<h3><strong>&#8211; Bar\u00a0<\/strong><\/h3>\n<h3><strong>&#8211; Jardin communautaires\u00a0<\/strong><\/h3>\n<h3><strong>&#8211; Piscine centrale<\/strong><\/h3>\n<h3>\u00a0<\/h3>\n<p>&nbsp;<\/p>\n<h2><strong>Gran Tulum est situ\u00e9 dans l&rsquo;une des zones la plus belle du monde : la Riviera Maya.<\/strong><\/h2>\n<h2><strong>Et gran Tulum est situ\u00e9 dans la zone privil\u00e9gi\u00e9e de Tulum, tout proche des plages.<\/strong><\/h2>\n<p>[\/et_pb_text][\/et_pb_column][et_pb_column type=\u00a0\u00bb2_5&Prime;][et_pb_image src=\u00a0\u00bbhttps:\/\/pelicanoproperties.mx\/wp-content\/uploads\/2021\/02\/PISCINAS_5.jpg\u00a0\u00bb _builder_version=\u00a0\u00bb3.21.4&Prime; animation_style=\u00a0\u00bbslide\u00a0\u00bb animation_direction=\u00a0\u00bbleft\u00a0\u00bb animation_duration=\u00a0\u00bb500ms\u00a0\u00bb animation_intensity_slide=\u00a0\u00bb10%\u00a0\u00bb z_index_tablet=\u00a0\u00bb500&Prime; \/][et_pb_image src=\u00a0\u00bbhttps:\/\/pelicanoproperties.mx\/wp-content\/uploads\/2021\/02\/RECAMARA_1.jpg\u00a0\u00bb _builder_version=\u00a0\u00bb3.21.4&Prime; z_index_tablet=\u00a0\u00bb500&Prime; \/][\/et_pb_column][\/et_pb_row][\/et_pb_section][et_pb_section bb_built=\u00a0\u00bb1&Prime; _builder_version=\u00a0\u00bb3.0.47&Prime; prev_background_color=\u00a0\u00bb#000000&Prime; next_background_color=\u00a0\u00bb#009cde\u00a0\u00bb][et_pb_row _builder_version=\u00a0\u00bb3.0.48&Prime; background_size=\u00a0\u00bbinitial\u00a0\u00bb background_position=\u00a0\u00bbtop_left\u00a0\u00bb background_repeat=\u00a0\u00bbrepeat\u00a0\u00bb][et_pb_column type=\u00a0\u00bb4_4&Prime;][et_pb_text _builder_version=\u00a0\u00bb3.21.4&Prime; z_index_tablet=\u00a0\u00bb500&Prime;]<\/p>\n<h2 style=\"text-align: center;\"><strong>Localisation<\/strong><\/h2>\n<p>[\/et_pb_text][et_pb_image src=\u00a0\u00bbhttps:\/\/pelicanoproperties.mx\/wp-content\/uploads\/2022\/04\/GT_Location.jpg\u00a0\u00bb _builder_version=\u00a0\u00bb3.21.4&Prime; z_index_tablet=\u00a0\u00bb500&Prime; align=\u00a0\u00bbcenter\u00a0\u00bb \/][et_pb_text _builder_version=\u00a0\u00bb3.21.4&Prime; z_index_tablet=\u00a0\u00bb500&Prime;]<\/p>\n<h2 style=\"text-align: center;\"><strong>Galerie de photographies<\/strong><\/h2>\n<p>[\/et_pb_text][et_pb_gallery gallery_ids=\u00a0\u00bb8631,8632,8633,8634,8635,8636,8637,8638,8639,8640,8641,8642,8643,8644,8645,8646,8647,8648,8649,8650,8651,8652,8653,8654,8655,8656,8657,8658&Prime; fullwidth=\u00a0\u00bbon\u00a0\u00bb _builder_version=\u00a0\u00bb3.21.4&Prime; z_index_tablet=\u00a0\u00bb500&Prime; hover_overlay_color=\u00a0\u00bbrgba(255,255,255,0.9)\u00a0\u00bb \/][\/et_pb_column][\/et_pb_row][\/et_pb_section][et_pb_section bb_built=\u00a0\u00bb1&Prime; _builder_version=\u00a0\u00bb3.0.74&Prime; background_color=\u00a0\u00bb#009cde\u00a0\u00bb prev_background_color=\u00a0\u00bb#ffffff\u00a0\u00bb][et_pb_row _builder_version=\u00a0\u00bb3.0.47&Prime; background_size=\u00a0\u00bbinitial\u00a0\u00bb background_position=\u00a0\u00bbtop_left\u00a0\u00bb background_repeat=\u00a0\u00bbrepeat\u00a0\u00bb][et_pb_column type=\u00a0\u00bb4_4&Prime;][et_pb_text _builder_version=\u00a0\u00bb3.21.4&Prime; header_text_color=\u00a0\u00bb#ffffff\u00a0\u00bb text_orientation=\u00a0\u00bbcenter\u00a0\u00bb background_layout=\u00a0\u00bbdark\u00a0\u00bb module_alignment=\u00a0\u00bbcenter\u00a0\u00bb z_index_tablet=\u00a0\u00bb500&Prime;]<\/p>\n<h2 style=\"text-align: center;\">Pour nous contacter<\/h2>\n<p>[\/et_pb_text][\/et_pb_column][\/et_pb_row][et_pb_row _builder_version=\u00a0\u00bb3.0.47&Prime; background_size=\u00a0\u00bbinitial\u00a0\u00bb background_position=\u00a0\u00bbtop_left\u00a0\u00bb background_repeat=\u00a0\u00bbrepeat\u00a0\u00bb][et_pb_column type=\u00a0\u00bb1_4&Prime;][\/et_pb_column][et_pb_column type=\u00a0\u00bb1_2&Prime;][et_pb_contact_form captcha=\u00a0\u00bboff\u00a0\u00bb email=\u00a0\u00bbpelicanoproperties@gmail.com\u00a0\u00bb custom_message=\u00a0\u00bbNuevo Mensaje del sitio de PELICANO &#8211; Forma de Contacto de Gran TULUM fran\u00e7ais||et_pb_line_break_holder||||et_pb_line_break_holder||Nombre: %%Name%% ||et_pb_line_break_holder||Correo: %%Email%% ||et_pb_line_break_holder||Tel\u00e9fono: %%Phone%% ||et_pb_line_break_holder||Mensaje: %%Message%% \u00a0\u00bb success_message=\u00a0\u00bbGracias, en breve nos pondremos en contacto con usted.\u00a0\u00bb module_id=\u00a0\u00bbet_pb_contact_form_0&Prime; _builder_version=\u00a0\u00bb3.21.4&Prime; custom_button=\u00a0\u00bbon\u00a0\u00bb button_text_color=\u00a0\u00bb#ffffff\u00a0\u00bb button_border_color=\u00a0\u00bb#ffffff\u00a0\u00bb button_use_icon=\u00a0\u00bboff\u00a0\u00bb z_index_tablet=\u00a0\u00bb500&Prime;][et_pb_contact_field field_id=\u00a0\u00bbName\u00a0\u00bb field_title=\u00a0\u00bbNom Pr\u00e9nom\u00a0\u00bb _builder_version=\u00a0\u00bb3.21.4&Prime;][\/et_pb_contact_field][et_pb_contact_field field_id=\u00a0\u00bbEmail\u00a0\u00bb field_title=\u00a0\u00bbCourrier \u00e9lectronique\u00a0\u00bb field_type=\u00a0\u00bbemail\u00a0\u00bb _builder_version=\u00a0\u00bb3.21.4&Prime;][\/et_pb_contact_field][et_pb_contact_field field_id=\u00a0\u00bbPhone\u00a0\u00bb field_title=\u00a0\u00bbT\u00e9l\u00e9phone\u00a0\u00bb required_mark=\u00a0\u00bboff\u00a0\u00bb fullwidth_field=\u00a0\u00bbon\u00a0\u00bb _builder_version=\u00a0\u00bb3.21.4&Prime; form_field_font=\u00a0\u00bb||||\u00a0\u00bb use_border_color=\u00a0\u00bboff\u00a0\u00bb][\/et_pb_contact_field][et_pb_contact_field field_id=\u00a0\u00bbMessage\u00a0\u00bb field_title=\u00a0\u00bbCommentaires\u00a0\u00bb field_type=\u00a0\u00bbtext\u00a0\u00bb fullwidth_field=\u00a0\u00bbon\u00a0\u00bb _builder_version=\u00a0\u00bb3.21.4&Prime;][\/et_pb_contact_field][\/et_pb_contact_form][\/et_pb_column][et_pb_column type=\u00a0\u00bb1_4&Prime;][\/et_pb_column][\/et_pb_row][\/et_pb_section]<\/p>\n","protected":false},"excerpt":{"rendered":"<p>TL 95<br \/>\nAppartements<br \/>\nTulum<br \/>\n<strong>A partir de $250,705.00 USD<\/strong><\/p>\n","protected":false},"author":3,"featured_media":10947,"parent":0,"menu_order":0,"comment_status":"closed","ping_status":"closed","template":"","meta":{"_et_pb_use_builder":"on","_et_pb_old_content":"","footnotes":""},"categories":[],"tags":[109,110],"ciudad":[83],"precio":[91],"tipo":[86],"prix":[102],"ville":[95],"types":[96],"class_list":["post-8620","page","type-page","status-publish","has-post-thumbnail","hentry","tag-propiedades-fr","tag-appartement","ciudad-tulum","precio-150000-a-250000","tipo-departamento","prix-250000-300000","ville-tulum","types-appartement"],"yoast_head":"<!-- This site is optimized with the Yoast SEO plugin v21.4 - https:\/\/yoast.com\/wordpress\/plugins\/seo\/ -->\n<title>Les plus pr\u00e8s de la plage - Pelicano Properties<\/title>\n<meta name=\"description\" content=\"Pelicano Properties, agence immobili\u00e8re francophone, GRAN TULUM, le complexe le plus pr\u00e8s de la mer va devenir l&#039;endroit incontournable de Tulum.\" \/>\n<meta name=\"robots\" content=\"index, follow, max-snippet:-1, max-image-preview:large, max-video-preview:-1\" \/>\n<link rel=\"canonical\" href=\"https:\/\/pelicanoproperties.mx\/grantulum\/\" \/>\n<meta property=\"og:locale\" content=\"fr_FR\" \/>\n<meta property=\"og:type\" content=\"article\" \/>\n<meta property=\"og:title\" content=\"Les plus pr\u00e8s de la plage - Pelicano Properties\" \/>\n<meta property=\"og:description\" content=\"Pelicano Properties, agence immobili\u00e8re francophone, GRAN TULUM, le complexe le plus pr\u00e8s de la mer va devenir l&#039;endroit incontournable de Tulum.\" \/>\n<meta property=\"og:url\" content=\"https:\/\/pelicanoproperties.mx\/grantulum\/\" \/>\n<meta property=\"og:site_name\" content=\"Pelicano Properties\" \/>\n<meta property=\"article:modified_time\" content=\"2023-02-21T21:53:20+00:00\" \/>\n<meta property=\"og:image\" content=\"https:\/\/pelicanoproperties.mx\/wp-content\/uploads\/2022\/04\/Gran-Tulum-Playa-del-Carmen-Pelicano-properties.jpg\" \/>\n\t<meta property=\"og:image:width\" content=\"837\" \/>\n\t<meta property=\"og:image:height\" content=\"711\" \/>\n\t<meta property=\"og:image:type\" content=\"image\/jpeg\" \/>\n<meta name=\"twitter:card\" content=\"summary_large_image\" \/>\n<meta name=\"twitter:label1\" content=\"Dur\u00e9e de lecture estim\u00e9e\" \/>\n\t<meta name=\"twitter:data1\" content=\"6 minutes\" \/>\n<script type=\"application\/ld+json\" class=\"yoast-schema-graph\">{\"@context\":\"https:\/\/schema.org\",\"@graph\":[{\"@type\":\"WebPage\",\"@id\":\"https:\/\/pelicanoproperties.mx\/grantulum\/\",\"url\":\"https:\/\/pelicanoproperties.mx\/grantulum\/\",\"name\":\"Les plus pr\u00e8s de la plage - Pelicano Properties\",\"isPartOf\":{\"@id\":\"https:\/\/pelicanoproperties.mx\/#website\"},\"datePublished\":\"2021-02-11T19:05:22+00:00\",\"dateModified\":\"2023-02-21T21:53:20+00:00\",\"description\":\"Pelicano Properties, agence immobili\u00e8re francophone, GRAN TULUM, le complexe le plus pr\u00e8s de la mer va devenir l'endroit incontournable de Tulum.\",\"breadcrumb\":{\"@id\":\"https:\/\/pelicanoproperties.mx\/grantulum\/#breadcrumb\"},\"inLanguage\":\"fr-FR\",\"potentialAction\":[{\"@type\":\"ReadAction\",\"target\":[\"https:\/\/pelicanoproperties.mx\/grantulum\/\"]}]},{\"@type\":\"BreadcrumbList\",\"@id\":\"https:\/\/pelicanoproperties.mx\/grantulum\/#breadcrumb\",\"itemListElement\":[{\"@type\":\"ListItem\",\"position\":1,\"name\":\"Portada\",\"item\":\"https:\/\/pelicanoproperties.mx\/fr\/\"},{\"@type\":\"ListItem\",\"position\":2,\"name\":\"Les plus pr\u00e8s de la plage\"}]},{\"@type\":\"WebSite\",\"@id\":\"https:\/\/pelicanoproperties.mx\/#website\",\"url\":\"https:\/\/pelicanoproperties.mx\/\",\"name\":\"Pelicano Properties\",\"description\":\"Pelicano Properties\",\"potentialAction\":[{\"@type\":\"SearchAction\",\"target\":{\"@type\":\"EntryPoint\",\"urlTemplate\":\"https:\/\/pelicanoproperties.mx\/?s={search_term_string}\"},\"query-input\":\"required name=search_term_string\"}],\"inLanguage\":\"fr-FR\"}]}<\/script>\n<!-- \/ Yoast SEO plugin. -->","yoast_head_json":{"title":"Les plus pr\u00e8s de la plage - Pelicano Properties","description":"Pelicano Properties, agence immobili\u00e8re francophone, GRAN TULUM, le complexe le plus pr\u00e8s de la mer va devenir l'endroit incontournable de Tulum.","robots":{"index":"index","follow":"follow","max-snippet":"max-snippet:-1","max-image-preview":"max-image-preview:large","max-video-preview":"max-video-preview:-1"},"canonical":"https:\/\/pelicanoproperties.mx\/grantulum\/","og_locale":"fr_FR","og_type":"article","og_title":"Les plus pr\u00e8s de la plage - Pelicano Properties","og_description":"Pelicano Properties, agence immobili\u00e8re francophone, GRAN TULUM, le complexe le plus pr\u00e8s de la mer va devenir l'endroit incontournable de Tulum.","og_url":"https:\/\/pelicanoproperties.mx\/grantulum\/","og_site_name":"Pelicano Properties","article_modified_time":"2023-02-21T21:53:20+00:00","og_image":[{"width":837,"height":711,"url":"https:\/\/pelicanoproperties.mx\/wp-content\/uploads\/2022\/04\/Gran-Tulum-Playa-del-Carmen-Pelicano-properties.jpg","type":"image\/jpeg"}],"twitter_card":"summary_large_image","twitter_misc":{"Dur\u00e9e de lecture estim\u00e9e":"6 minutes"},"schema":{"@context":"https:\/\/schema.org","@graph":[{"@type":"WebPage","@id":"https:\/\/pelicanoproperties.mx\/grantulum\/","url":"https:\/\/pelicanoproperties.mx\/grantulum\/","name":"Les plus pr\u00e8s de la plage - Pelicano Properties","isPartOf":{"@id":"https:\/\/pelicanoproperties.mx\/#website"},"datePublished":"2021-02-11T19:05:22+00:00","dateModified":"2023-02-21T21:53:20+00:00","description":"Pelicano Properties, agence immobili\u00e8re francophone, GRAN TULUM, le complexe le plus pr\u00e8s de la mer va devenir l'endroit incontournable de Tulum.","breadcrumb":{"@id":"https:\/\/pelicanoproperties.mx\/grantulum\/#breadcrumb"},"inLanguage":"fr-FR","potentialAction":[{"@type":"ReadAction","target":["https:\/\/pelicanoproperties.mx\/grantulum\/"]}]},{"@type":"BreadcrumbList","@id":"https:\/\/pelicanoproperties.mx\/grantulum\/#breadcrumb","itemListElement":[{"@type":"ListItem","position":1,"name":"Portada","item":"https:\/\/pelicanoproperties.mx\/fr\/"},{"@type":"ListItem","position":2,"name":"Les plus pr\u00e8s de la plage"}]},{"@type":"WebSite","@id":"https:\/\/pelicanoproperties.mx\/#website","url":"https:\/\/pelicanoproperties.mx\/","name":"Pelicano Properties","description":"Pelicano Properties","potentialAction":[{"@type":"SearchAction","target":{"@type":"EntryPoint","urlTemplate":"https:\/\/pelicanoproperties.mx\/?s={search_term_string}"},"query-input":"required name=search_term_string"}],"inLanguage":"fr-FR"}]}},"_links":{"self":[{"href":"https:\/\/pelicanoproperties.mx\/fr\/wp-json\/wp\/v2\/pages\/8620","targetHints":{"allow":["GET"]}}],"collection":[{"href":"https:\/\/pelicanoproperties.mx\/fr\/wp-json\/wp\/v2\/pages"}],"about":[{"href":"https:\/\/pelicanoproperties.mx\/fr\/wp-json\/wp\/v2\/types\/page"}],"author":[{"embeddable":true,"href":"https:\/\/pelicanoproperties.mx\/fr\/wp-json\/wp\/v2\/users\/3"}],"replies":[{"embeddable":true,"href":"https:\/\/pelicanoproperties.mx\/fr\/wp-json\/wp\/v2\/comments?post=8620"}],"version-history":[{"count":0,"href":"https:\/\/pelicanoproperties.mx\/fr\/wp-json\/wp\/v2\/pages\/8620\/revisions"}],"wp:featuredmedia":[{"embeddable":true,"href":"https:\/\/pelicanoproperties.mx\/fr\/wp-json\/wp\/v2\/media\/10947"}],"wp:attachment":[{"href":"https:\/\/pelicanoproperties.mx\/fr\/wp-json\/wp\/v2\/media?parent=8620"}],"wp:term":[{"taxonomy":"category","embeddable":true,"href":"https:\/\/pelicanoproperties.mx\/fr\/wp-json\/wp\/v2\/categories?post=8620"},{"taxonomy":"post_tag","embeddable":true,"href":"https:\/\/pelicanoproperties.mx\/fr\/wp-json\/wp\/v2\/tags?post=8620"},{"taxonomy":"ciudad","embeddable":true,"href":"https:\/\/pelicanoproperties.mx\/fr\/wp-json\/wp\/v2\/ciudad?post=8620"},{"taxonomy":"precio","embeddable":true,"href":"https:\/\/pelicanoproperties.mx\/fr\/wp-json\/wp\/v2\/precio?post=8620"},{"taxonomy":"tipo","embeddable":true,"href":"https:\/\/pelicanoproperties.mx\/fr\/wp-json\/wp\/v2\/tipo?post=8620"},{"taxonomy":"prix","embeddable":true,"href":"https:\/\/pelicanoproperties.mx\/fr\/wp-json\/wp\/v2\/prix?post=8620"},{"taxonomy":"ville","embeddable":true,"href":"https:\/\/pelicanoproperties.mx\/fr\/wp-json\/wp\/v2\/ville?post=8620"},{"taxonomy":"types","embeddable":true,"href":"https:\/\/pelicanoproperties.mx\/fr\/wp-json\/wp\/v2\/types?post=8620"}],"curies":[{"name":"wp","href":"https:\/\/api.w.org\/{rel}","templated":true}]}}