{"id":1722,"date":"2018-03-15T21:01:23","date_gmt":"2018-03-16T03:01:23","guid":{"rendered":"https:\/\/pelicanoproperties.mx\/?page_id=1722"},"modified":"2023-02-21T17:04:13","modified_gmt":"2023-02-21T22:04:13","slug":"pourquoi-cest-un-bon-investissement-detre-proprietaire-a-playa-del-carmen","status":"publish","type":"page","link":"https:\/\/pelicanoproperties.mx\/fr\/pourquoi-cest-un-bon-investissement-detre-proprietaire-a-playa-del-carmen\/","title":{"rendered":"Pourquoi c\u2019est un bon investissement d\u2019\u00eatre propri\u00e9taire \u00e0 Playa Del Carmen ?"},"content":{"rendered":"<p>[et_pb_section bb_built=\u00a0\u00bb1&Prime; custom_padding=\u00a0\u00bb0px|0px|380px|0px\u00a0\u00bb _builder_version=\u00a0\u00bb3.0.64&Prime; background_image=\u00a0\u00bbhttps:\/\/pelicanoproperties.mx\/wp-content\/uploads\/2017\/11\/bg-land-playa.jpg\u00a0\u00bb next_background_color=\u00a0\u00bb#ffffff\u00a0\u00bb][et_pb_row custom_padding=\u00a0\u00bb0px|0px|31px|0px\u00a0\u00bb _builder_version=\u00a0\u00bb3.0.47&Prime; background_size=\u00a0\u00bbinitial\u00a0\u00bb background_position=\u00a0\u00bbtop_left\u00a0\u00bb background_repeat=\u00a0\u00bbrepeat\u00a0\u00bb][et_pb_column type=\u00a0\u00bb4_4&Prime;][et_pb_image src=\u00a0\u00bbhttps:\/\/pelicanoproperties.mx\/wp-content\/uploads\/2017\/11\/logo-land.png\u00a0\u00bb align=\u00a0\u00bbcenter\u00a0\u00bb _builder_version=\u00a0\u00bb3.0.64&Prime; animation_style=\u00a0\u00bbslide\u00a0\u00bb animation_duration=\u00a0\u00bb500ms\u00a0\u00bb animation_intensity_slide=\u00a0\u00bb10%\u00a0\u00bb animation_direction=\u00a0\u00bbleft\u00a0\u00bb show_bottom_space=\u00a0\u00bbon\u00a0\u00bb \/][\/et_pb_column][\/et_pb_row][et_pb_row background_position_1=\u00a0\u00bbtop_left\u00a0\u00bb background_position_2=\u00a0\u00bbtop_left\u00a0\u00bb background_position_3=\u00a0\u00bbtop_left\u00a0\u00bb background_repeat_1=\u00a0\u00bbno-repeat\u00a0\u00bb background_repeat_2=\u00a0\u00bbno-repeat\u00a0\u00bb background_repeat_3=\u00a0\u00bbno-repeat\u00a0\u00bb _builder_version=\u00a0\u00bb3.0.64&Prime; background_size=\u00a0\u00bbinitial\u00a0\u00bb background_position=\u00a0\u00bbtop_left\u00a0\u00bb background_repeat=\u00a0\u00bbrepeat\u00a0\u00bb][et_pb_column type=\u00a0\u00bb1_6&Prime;][\/et_pb_column][et_pb_column type=\u00a0\u00bb2_3&Prime;][et_pb_text background_layout=\u00a0\u00bbdark\u00a0\u00bb _builder_version=\u00a0\u00bb3.0.64&Prime; background_image=\u00a0\u00bbhttps:\/\/pelicanoproperties.mx\/wp-content\/uploads\/2017\/11\/bg-tit.jpg\u00a0\u00bb custom_margin=\u00a0\u00bb150px|||\u00a0\u00bb text_orientation=\u00a0\u00bbleft\u00a0\u00bb border_style=\u00a0\u00bbsolid\u00a0\u00bb custom_css_main_element=\u00a0\u00bbpadding:20px;\u00a0\u00bb]<\/p>\n<h1 style=\"text-align: center;\">Pourquoi c\u2019est un bon investissement d\u2019\u00eatre propri\u00e9taire \u00e0 Playa Del Carmen ?<\/h1>\n<p>[\/et_pb_text][\/et_pb_column][et_pb_column type=\u00a0\u00bb1_6&Prime;][\/et_pb_column][\/et_pb_row][\/et_pb_section][et_pb_section bb_built=\u00a0\u00bb1&Prime; _builder_version=\u00a0\u00bb3.0.47&Prime; prev_background_color=\u00a0\u00bb#000000&Prime;][et_pb_row background_color_2=\u00a0\u00bb#ffffff\u00a0\u00bb bg_img_2=\u00a0\u00bbhttps:\/\/pelicanoproperties.mx\/wp-content\/uploads\/2017\/11\/bg-form-playa.jpg\u00a0\u00bb background_position_1=\u00a0\u00bbtop_left\u00a0\u00bb background_position_2=\u00a0\u00bbtop_left\u00a0\u00bb background_repeat_1=\u00a0\u00bbno-repeat\u00a0\u00bb background_repeat_2=\u00a0\u00bbno-repeat\u00a0\u00bb _builder_version=\u00a0\u00bb3.0.64&Prime; custom_css_main_element=\u00a0\u00bbmargin-top:-200px;\u00a0\u00bb custom_padding=\u00a0\u00bb0px|0px|31px|0px\u00a0\u00bb][et_pb_column type=\u00a0\u00bb1_2&Prime;][et_pb_text _builder_version=\u00a0\u00bb3.0.64&Prime; custom_margin=\u00a0\u00bb250px|||\u00a0\u00bb background_layout=\u00a0\u00bblight\u00a0\u00bb text_orientation=\u00a0\u00bbleft\u00a0\u00bb border_style=\u00a0\u00bbsolid\u00a0\u00bb]<\/p>\n<p>\nPlaya Del Carmen est un m\u00e9lange de plus-value et de revenu suppl\u00e9mentaire. Par le moyen de la location de vacances, vous rentabiliserez votre investissement. Les rendements moyens sur la Riviera maya oscillent entre 9 et 13 % annuels.  Pour vous rendre compte plus pr\u00e9cis\u00e9ment de la plus-value, d\u2019une location immobili\u00e8re, t\u00e9l\u00e9chargez, gratuitement, le guide d\u2019inversion immobili\u00e8re et visualisez :<\/p>\n<p>\u2022 Que la plus-value \u00e0 Playa Del Carmen est garantie.<\/p>\n<p>\u2022 Que votre bien immobilier peut vous rapporter de l\u2019argent.<\/p>\n<p>\u2022 Le retour sur investissement de votre bien.<\/p>\n<p>\u2022 Et que votre bien peut g\u00e9n\u00e9rer des revenus suppl\u00e9mentaire.<\/p>\n<p>[\/et_pb_text][\/et_pb_column][et_pb_column type=\u00a0\u00bb1_2&Prime;][et_pb_contact_form email=\u00a0\u00bbpelicanoproperties@gmail.com\u00a0\u00bb use_redirect=\u00a0\u00bbon\u00a0\u00bb redirect_url=\u00a0\u00bbhttps:\/\/pelicanoproperties.mx\/fr\/merci-pour-la-demande\/\u00a0\u00bb submit_button_text=\u00a0\u00bbEnvoyer\u00a0\u00bb form_background_color=\u00a0\u00bb#ffffff\u00a0\u00bb _builder_version=\u00a0\u00bb3.21.4&Prime; use_border_color=\u00a0\u00bbon\u00a0\u00bb custom_button=\u00a0\u00bbon\u00a0\u00bb button_text_color=\u00a0\u00bb#ffffff\u00a0\u00bb button_bg_color=\u00a0\u00bbrgba(0,0,0,0)\u00a0\u00bb button_border_color=\u00a0\u00bb#ffffff\u00a0\u00bb button_border_radius=\u00a0\u00bb0&Prime; custom_css_main_element=\u00a0\u00bbpadding:20px; border: solid white 15px;\u00a0\u00bb module_id=\u00a0\u00bbet_pb_contact_form_1&Prime; button_letter_spacing_hover=\u00a0\u00bb0&Prime; custom_message=\u00a0\u00bbNueva Descarga de Gu\u00eda de Inversi\u00f3n del Sitio de PELICANO||et_pb_line_break_holder||||et_pb_line_break_holder||Nombre: %%Name%% ||et_pb_line_break_holder||Correo: %%Email%% ||et_pb_line_break_holder||Tel\u00e9fono: %%Phone%% ||et_pb_line_break_holder||Mensaje: %%Message%% \u00a0\u00bb border_color_all=\u00a0\u00bb#ffffff\u00a0\u00bb border_width_all=\u00a0\u00bb1px\u00a0\u00bb border_radii=\u00a0\u00bbon|0px|0px|0px|0px\u00a0\u00bb z_index_tablet=\u00a0\u00bb500&Prime;][et_pb_contact_field field_id=\u00a0\u00bbName\u00a0\u00bb field_title=\u00a0\u00bbNom \/ Pr\u00e9nom\u00a0\u00bb fullwidth_field=\u00a0\u00bbon\u00a0\u00bb _builder_version=\u00a0\u00bb3.0.47&Prime; form_field_font=\u00a0\u00bb||||\u00a0\u00bb use_border_color=\u00a0\u00bboff\u00a0\u00bb field_type=\u00a0\u00bbinput\u00a0\u00bb checkbox_checked=\u00a0\u00bboff\u00a0\u00bb min_length=\u00a0\u00bb0&Prime; max_length=\u00a0\u00bb0&Prime; allowed_symbols=\u00a0\u00bball\u00a0\u00bb required_mark=\u00a0\u00bbon\u00a0\u00bb conditional_logic=\u00a0\u00bboff\u00a0\u00bb conditional_logic_relation=\u00a0\u00bboff\u00a0\u00bb conditional_logic_rules=\u00a0\u00bb%91{%22field%22:%22apellidos%22,%22condition%22:%22is%22,%22value%22:%22%22}%93&Prime; form_field_font_select=\u00a0\u00bbdefault\u00a0\u00bb border_style=\u00a0\u00bbsolid\u00a0\u00bb \/][et_pb_contact_field field_id=\u00a0\u00bbPhone\u00a0\u00bb field_title=\u00a0\u00bbT\u00e9l\u00e9phone\u00a0\u00bb fullwidth_field=\u00a0\u00bbon\u00a0\u00bb _builder_version=\u00a0\u00bb3.0.47&Prime; form_field_font=\u00a0\u00bb||||\u00a0\u00bb use_border_color=\u00a0\u00bboff\u00a0\u00bb field_type=\u00a0\u00bbinput\u00a0\u00bb checkbox_checked=\u00a0\u00bboff\u00a0\u00bb min_length=\u00a0\u00bb0&Prime; max_length=\u00a0\u00bb0&Prime; allowed_symbols=\u00a0\u00bball\u00a0\u00bb required_mark=\u00a0\u00bbon\u00a0\u00bb conditional_logic=\u00a0\u00bboff\u00a0\u00bb conditional_logic_relation=\u00a0\u00bboff\u00a0\u00bb conditional_logic_rules=\u00a0\u00bb%91{%22field%22:%22name%22,%22condition%22:%22is%22,%22value%22:%22%22}%93&Prime; form_field_font_select=\u00a0\u00bbdefault\u00a0\u00bb border_style=\u00a0\u00bbsolid\u00a0\u00bb \/][et_pb_contact_field field_id=\u00a0\u00bbEmail\u00a0\u00bb field_title=\u00a0\u00bbAdresse \u00e9l\u00e9ctronique\u00a0\u00bb field_type=\u00a0\u00bbemail\u00a0\u00bb fullwidth_field=\u00a0\u00bbon\u00a0\u00bb _builder_version=\u00a0\u00bb3.0.47&Prime; form_field_font=\u00a0\u00bb||||\u00a0\u00bb use_border_color=\u00a0\u00bboff\u00a0\u00bb checkbox_checked=\u00a0\u00bboff\u00a0\u00bb min_length=\u00a0\u00bb0&Prime; max_length=\u00a0\u00bb0&Prime; allowed_symbols=\u00a0\u00bball\u00a0\u00bb required_mark=\u00a0\u00bbon\u00a0\u00bb conditional_logic=\u00a0\u00bboff\u00a0\u00bb conditional_logic_relation=\u00a0\u00bboff\u00a0\u00bb conditional_logic_rules=\u00a0\u00bb%91{%22field%22:%22name%22,%22condition%22:%22is%22,%22value%22:%22%22}%93&Prime; form_field_font_select=\u00a0\u00bbdefault\u00a0\u00bb border_style=\u00a0\u00bbsolid\u00a0\u00bb \/][et_pb_contact_field field_id=\u00a0\u00bbMessage\u00a0\u00bb field_title=\u00a0\u00bbCommentaire\u00a0\u00bb field_type=\u00a0\u00bbtext\u00a0\u00bb fullwidth_field=\u00a0\u00bbon\u00a0\u00bb _builder_version=\u00a0\u00bb3.0.47&Prime; form_field_font=\u00a0\u00bb||||\u00a0\u00bb use_border_color=\u00a0\u00bboff\u00a0\u00bb checkbox_checked=\u00a0\u00bboff\u00a0\u00bb min_length=\u00a0\u00bb0&Prime; max_length=\u00a0\u00bb0&Prime; allowed_symbols=\u00a0\u00bball\u00a0\u00bb required_mark=\u00a0\u00bbon\u00a0\u00bb conditional_logic=\u00a0\u00bboff\u00a0\u00bb conditional_logic_relation=\u00a0\u00bboff\u00a0\u00bb conditional_logic_rules=\u00a0\u00bb%91{%22field%22:%22name%22,%22condition%22:%22is%22,%22value%22:%22%22}%93&Prime; form_field_font_select=\u00a0\u00bbdefault\u00a0\u00bb border_style=\u00a0\u00bbsolid\u00a0\u00bb \/][\/et_pb_contact_form][\/et_pb_column][\/et_pb_row][\/et_pb_section]<\/p>\n","protected":false},"excerpt":{"rendered":"<p>[et_pb_section bb_built=\u00a0\u00bb1&Prime; custom_padding=\u00a0\u00bb0px|0px|380px|0px\u00a0\u00bb _builder_version=\u00a0\u00bb3.0.64&Prime; background_image=\u00a0\u00bbhttps:\/\/pelicanoproperties.mx\/wp-content\/uploads\/2017\/11\/bg-land-playa.jpg\u00a0\u00bb next_background_color=\u00a0\u00bb#ffffff\u00a0\u00bb][et_pb_row custom_padding=\u00a0\u00bb0px|0px|31px|0px\u00a0\u00bb _builder_version=\u00a0\u00bb3.0.47&Prime; background_size=\u00a0\u00bbinitial\u00a0\u00bb background_position=\u00a0\u00bbtop_left\u00a0\u00bb background_repeat=\u00a0\u00bbrepeat\u00a0\u00bb][et_pb_column type=\u00a0\u00bb4_4&Prime;][et_pb_image src=\u00a0\u00bbhttps:\/\/pelicanoproperties.mx\/wp-content\/uploads\/2017\/11\/logo-land.png\u00a0\u00bb align=\u00a0\u00bbcenter\u00a0\u00bb _builder_version=\u00a0\u00bb3.0.64&Prime; animation_style=\u00a0\u00bbslide\u00a0\u00bb animation_duration=\u00a0\u00bb500ms\u00a0\u00bb animation_intensity_slide=\u00a0\u00bb10%\u00a0\u00bb animation_direction=\u00a0\u00bbleft\u00a0\u00bb show_bottom_space=\u00a0\u00bbon\u00a0\u00bb \/][\/et_pb_column][\/et_pb_row][et_pb_row background_position_1=\u00a0\u00bbtop_left\u00a0\u00bb background_position_2=\u00a0\u00bbtop_left\u00a0\u00bb background_position_3=\u00a0\u00bbtop_left\u00a0\u00bb background_repeat_1=\u00a0\u00bbno-repeat\u00a0\u00bb background_repeat_2=\u00a0\u00bbno-repeat\u00a0\u00bb background_repeat_3=\u00a0\u00bbno-repeat\u00a0\u00bb _builder_version=\u00a0\u00bb3.0.64&Prime; background_size=\u00a0\u00bbinitial\u00a0\u00bb background_position=\u00a0\u00bbtop_left\u00a0\u00bb background_repeat=\u00a0\u00bbrepeat\u00a0\u00bb][et_pb_column type=\u00a0\u00bb1_6&Prime;][\/et_pb_column][et_pb_column type=\u00a0\u00bb2_3&Prime;][et_pb_text background_layout=\u00a0\u00bbdark\u00a0\u00bb _builder_version=\u00a0\u00bb3.0.64&Prime; background_image=\u00a0\u00bbhttps:\/\/pelicanoproperties.mx\/wp-content\/uploads\/2017\/11\/bg-tit.jpg\u00a0\u00bb custom_margin=\u00a0\u00bb150px|||\u00a0\u00bb text_orientation=\u00a0\u00bbleft\u00a0\u00bb border_style=\u00a0\u00bbsolid\u00a0\u00bb custom_css_main_element=\u00a0\u00bbpadding:20px;\u00a0\u00bb] Pourquoi c\u2019est un bon investissement d\u2019\u00eatre propri\u00e9taire \u00e0 Playa Del Carmen ? [\/et_pb_text][\/et_pb_column][et_pb_column type=\u00a0\u00bb1_6&Prime;][\/et_pb_column][\/et_pb_row][\/et_pb_section][et_pb_section bb_built=\u00a0\u00bb1&Prime; [&hellip;]<\/p>\n","protected":false},"author":1,"featured_media":0,"parent":0,"menu_order":0,"comment_status":"closed","ping_status":"closed","template":"","meta":{"_et_pb_use_builder":"on","_et_pb_old_content":"","footnotes":""},"categories":[],"tags":[],"ciudad":[],"precio":[],"tipo":[],"prix":[],"ville":[],"types":[],"class_list":["post-1722","page","type-page","status-publish","hentry"],"yoast_head":"<!-- This site is optimized with the Yoast SEO plugin v21.4 - https:\/\/yoast.com\/wordpress\/plugins\/seo\/ -->\n<title>Pourquoi c\u2019est un bon investissement d\u2019\u00eatre propri\u00e9taire \u00e0 Playa Del Carmen ? - Pelicano Properties<\/title>\n<meta name=\"robots\" content=\"index, follow, max-snippet:-1, max-image-preview:large, max-video-preview:-1\" \/>\n<link rel=\"canonical\" href=\"https:\/\/pelicanoproperties.mx\/fr\/pourquoi-cest-un-bon-investissement-detre-proprietaire-a-playa-del-carmen\/\" \/>\n<meta property=\"og:locale\" content=\"fr_FR\" \/>\n<meta property=\"og:type\" content=\"article\" \/>\n<meta property=\"og:title\" content=\"Pourquoi c\u2019est un bon investissement d\u2019\u00eatre propri\u00e9taire \u00e0 Playa Del Carmen ? - Pelicano Properties\" \/>\n<meta property=\"og:description\" content=\"[et_pb_section bb_built=\u00a0\u00bb1&Prime; custom_padding=\u00a0\u00bb0px|0px|380px|0px\u00a0\u00bb _builder_version=\u00a0\u00bb3.0.64&Prime; background_image=\u00a0\u00bbhttps:\/\/pelicanoproperties.mx\/wp-content\/uploads\/2017\/11\/bg-land-playa.jpg\u00a0\u00bb next_background_color=\u00a0\u00bb#ffffff\u00a0\u00bb][et_pb_row custom_padding=\u00a0\u00bb0px|0px|31px|0px\u00a0\u00bb _builder_version=\u00a0\u00bb3.0.47&Prime; background_size=\u00a0\u00bbinitial\u00a0\u00bb background_position=\u00a0\u00bbtop_left\u00a0\u00bb background_repeat=\u00a0\u00bbrepeat\u00a0\u00bb][et_pb_column type=\u00a0\u00bb4_4&Prime;][et_pb_image src=\u00a0\u00bbhttps:\/\/pelicanoproperties.mx\/wp-content\/uploads\/2017\/11\/logo-land.png\u00a0\u00bb align=\u00a0\u00bbcenter\u00a0\u00bb _builder_version=\u00a0\u00bb3.0.64&Prime; animation_style=\u00a0\u00bbslide\u00a0\u00bb animation_duration=\u00a0\u00bb500ms\u00a0\u00bb animation_intensity_slide=\u00a0\u00bb10%\u00a0\u00bb animation_direction=\u00a0\u00bbleft\u00a0\u00bb show_bottom_space=\u00a0\u00bbon\u00a0\u00bb \/][\/et_pb_column][\/et_pb_row][et_pb_row background_position_1=\u00a0\u00bbtop_left\u00a0\u00bb background_position_2=\u00a0\u00bbtop_left\u00a0\u00bb background_position_3=\u00a0\u00bbtop_left\u00a0\u00bb background_repeat_1=\u00a0\u00bbno-repeat\u00a0\u00bb background_repeat_2=\u00a0\u00bbno-repeat\u00a0\u00bb background_repeat_3=\u00a0\u00bbno-repeat\u00a0\u00bb _builder_version=\u00a0\u00bb3.0.64&Prime; background_size=\u00a0\u00bbinitial\u00a0\u00bb background_position=\u00a0\u00bbtop_left\u00a0\u00bb background_repeat=\u00a0\u00bbrepeat\u00a0\u00bb][et_pb_column type=\u00a0\u00bb1_6&Prime;][\/et_pb_column][et_pb_column type=\u00a0\u00bb2_3&Prime;][et_pb_text background_layout=\u00a0\u00bbdark\u00a0\u00bb _builder_version=\u00a0\u00bb3.0.64&Prime; background_image=\u00a0\u00bbhttps:\/\/pelicanoproperties.mx\/wp-content\/uploads\/2017\/11\/bg-tit.jpg\u00a0\u00bb custom_margin=\u00a0\u00bb150px|||\u00a0\u00bb text_orientation=\u00a0\u00bbleft\u00a0\u00bb border_style=\u00a0\u00bbsolid\u00a0\u00bb custom_css_main_element=\u00a0\u00bbpadding:20px;\u00a0\u00bb] Pourquoi c\u2019est un bon investissement d\u2019\u00eatre propri\u00e9taire \u00e0 Playa Del Carmen ? [\/et_pb_text][\/et_pb_column][et_pb_column type=\u00a0\u00bb1_6&Prime;][\/et_pb_column][\/et_pb_row][\/et_pb_section][et_pb_section bb_built=\u00a0\u00bb1&Prime; [&hellip;]\" \/>\n<meta property=\"og:url\" content=\"https:\/\/pelicanoproperties.mx\/fr\/pourquoi-cest-un-bon-investissement-detre-proprietaire-a-playa-del-carmen\/\" \/>\n<meta property=\"og:site_name\" content=\"Pelicano Properties\" \/>\n<meta property=\"article:modified_time\" content=\"2023-02-21T22:04:13+00:00\" \/>\n<meta name=\"twitter:card\" content=\"summary_large_image\" \/>\n<meta name=\"twitter:label1\" content=\"Dur\u00e9e de lecture estim\u00e9e\" \/>\n\t<meta name=\"twitter:data1\" content=\"4 minutes\" \/>\n<script type=\"application\/ld+json\" class=\"yoast-schema-graph\">{\"@context\":\"https:\/\/schema.org\",\"@graph\":[{\"@type\":\"WebPage\",\"@id\":\"https:\/\/pelicanoproperties.mx\/fr\/pourquoi-cest-un-bon-investissement-detre-proprietaire-a-playa-del-carmen\/\",\"url\":\"https:\/\/pelicanoproperties.mx\/fr\/pourquoi-cest-un-bon-investissement-detre-proprietaire-a-playa-del-carmen\/\",\"name\":\"Pourquoi c\u2019est un bon investissement d\u2019\u00eatre propri\u00e9taire \u00e0 Playa Del Carmen ? - Pelicano Properties\",\"isPartOf\":{\"@id\":\"https:\/\/pelicanoproperties.mx\/#website\"},\"datePublished\":\"2018-03-16T03:01:23+00:00\",\"dateModified\":\"2023-02-21T22:04:13+00:00\",\"breadcrumb\":{\"@id\":\"https:\/\/pelicanoproperties.mx\/fr\/pourquoi-cest-un-bon-investissement-detre-proprietaire-a-playa-del-carmen\/#breadcrumb\"},\"inLanguage\":\"fr-FR\",\"potentialAction\":[{\"@type\":\"ReadAction\",\"target\":[\"https:\/\/pelicanoproperties.mx\/fr\/pourquoi-cest-un-bon-investissement-detre-proprietaire-a-playa-del-carmen\/\"]}]},{\"@type\":\"BreadcrumbList\",\"@id\":\"https:\/\/pelicanoproperties.mx\/fr\/pourquoi-cest-un-bon-investissement-detre-proprietaire-a-playa-del-carmen\/#breadcrumb\",\"itemListElement\":[{\"@type\":\"ListItem\",\"position\":1,\"name\":\"Portada\",\"item\":\"https:\/\/pelicanoproperties.mx\/fr\/\"},{\"@type\":\"ListItem\",\"position\":2,\"name\":\"Pourquoi c\u2019est un bon investissement d\u2019\u00eatre propri\u00e9taire \u00e0 Playa Del Carmen ?\"}]},{\"@type\":\"WebSite\",\"@id\":\"https:\/\/pelicanoproperties.mx\/#website\",\"url\":\"https:\/\/pelicanoproperties.mx\/\",\"name\":\"Pelicano Properties\",\"description\":\"Pelicano Properties\",\"potentialAction\":[{\"@type\":\"SearchAction\",\"target\":{\"@type\":\"EntryPoint\",\"urlTemplate\":\"https:\/\/pelicanoproperties.mx\/?s={search_term_string}\"},\"query-input\":\"required name=search_term_string\"}],\"inLanguage\":\"fr-FR\"}]}<\/script>\n<!-- \/ Yoast SEO plugin. -->","yoast_head_json":{"title":"Pourquoi c\u2019est un bon investissement d\u2019\u00eatre propri\u00e9taire \u00e0 Playa Del Carmen ? - Pelicano Properties","robots":{"index":"index","follow":"follow","max-snippet":"max-snippet:-1","max-image-preview":"max-image-preview:large","max-video-preview":"max-video-preview:-1"},"canonical":"https:\/\/pelicanoproperties.mx\/fr\/pourquoi-cest-un-bon-investissement-detre-proprietaire-a-playa-del-carmen\/","og_locale":"fr_FR","og_type":"article","og_title":"Pourquoi c\u2019est un bon investissement d\u2019\u00eatre propri\u00e9taire \u00e0 Playa Del Carmen ? - Pelicano Properties","og_description":"[et_pb_section bb_built=\u00a0\u00bb1&Prime; custom_padding=\u00a0\u00bb0px|0px|380px|0px\u00a0\u00bb _builder_version=\u00a0\u00bb3.0.64&Prime; background_image=\u00a0\u00bbhttps:\/\/pelicanoproperties.mx\/wp-content\/uploads\/2017\/11\/bg-land-playa.jpg\u00a0\u00bb next_background_color=\u00a0\u00bb#ffffff\u00a0\u00bb][et_pb_row custom_padding=\u00a0\u00bb0px|0px|31px|0px\u00a0\u00bb _builder_version=\u00a0\u00bb3.0.47&Prime; background_size=\u00a0\u00bbinitial\u00a0\u00bb background_position=\u00a0\u00bbtop_left\u00a0\u00bb background_repeat=\u00a0\u00bbrepeat\u00a0\u00bb][et_pb_column type=\u00a0\u00bb4_4&Prime;][et_pb_image src=\u00a0\u00bbhttps:\/\/pelicanoproperties.mx\/wp-content\/uploads\/2017\/11\/logo-land.png\u00a0\u00bb align=\u00a0\u00bbcenter\u00a0\u00bb _builder_version=\u00a0\u00bb3.0.64&Prime; animation_style=\u00a0\u00bbslide\u00a0\u00bb animation_duration=\u00a0\u00bb500ms\u00a0\u00bb animation_intensity_slide=\u00a0\u00bb10%\u00a0\u00bb animation_direction=\u00a0\u00bbleft\u00a0\u00bb show_bottom_space=\u00a0\u00bbon\u00a0\u00bb \/][\/et_pb_column][\/et_pb_row][et_pb_row background_position_1=\u00a0\u00bbtop_left\u00a0\u00bb background_position_2=\u00a0\u00bbtop_left\u00a0\u00bb background_position_3=\u00a0\u00bbtop_left\u00a0\u00bb background_repeat_1=\u00a0\u00bbno-repeat\u00a0\u00bb background_repeat_2=\u00a0\u00bbno-repeat\u00a0\u00bb background_repeat_3=\u00a0\u00bbno-repeat\u00a0\u00bb _builder_version=\u00a0\u00bb3.0.64&Prime; background_size=\u00a0\u00bbinitial\u00a0\u00bb background_position=\u00a0\u00bbtop_left\u00a0\u00bb background_repeat=\u00a0\u00bbrepeat\u00a0\u00bb][et_pb_column type=\u00a0\u00bb1_6&Prime;][\/et_pb_column][et_pb_column type=\u00a0\u00bb2_3&Prime;][et_pb_text background_layout=\u00a0\u00bbdark\u00a0\u00bb _builder_version=\u00a0\u00bb3.0.64&Prime; background_image=\u00a0\u00bbhttps:\/\/pelicanoproperties.mx\/wp-content\/uploads\/2017\/11\/bg-tit.jpg\u00a0\u00bb custom_margin=\u00a0\u00bb150px|||\u00a0\u00bb text_orientation=\u00a0\u00bbleft\u00a0\u00bb border_style=\u00a0\u00bbsolid\u00a0\u00bb custom_css_main_element=\u00a0\u00bbpadding:20px;\u00a0\u00bb] Pourquoi c\u2019est un bon investissement d\u2019\u00eatre propri\u00e9taire \u00e0 Playa Del Carmen ? [\/et_pb_text][\/et_pb_column][et_pb_column type=\u00a0\u00bb1_6&Prime;][\/et_pb_column][\/et_pb_row][\/et_pb_section][et_pb_section bb_built=\u00a0\u00bb1&Prime; [&hellip;]","og_url":"https:\/\/pelicanoproperties.mx\/fr\/pourquoi-cest-un-bon-investissement-detre-proprietaire-a-playa-del-carmen\/","og_site_name":"Pelicano Properties","article_modified_time":"2023-02-21T22:04:13+00:00","twitter_card":"summary_large_image","twitter_misc":{"Dur\u00e9e de lecture estim\u00e9e":"4 minutes"},"schema":{"@context":"https:\/\/schema.org","@graph":[{"@type":"WebPage","@id":"https:\/\/pelicanoproperties.mx\/fr\/pourquoi-cest-un-bon-investissement-detre-proprietaire-a-playa-del-carmen\/","url":"https:\/\/pelicanoproperties.mx\/fr\/pourquoi-cest-un-bon-investissement-detre-proprietaire-a-playa-del-carmen\/","name":"Pourquoi c\u2019est un bon investissement d\u2019\u00eatre propri\u00e9taire \u00e0 Playa Del Carmen ? - Pelicano Properties","isPartOf":{"@id":"https:\/\/pelicanoproperties.mx\/#website"},"datePublished":"2018-03-16T03:01:23+00:00","dateModified":"2023-02-21T22:04:13+00:00","breadcrumb":{"@id":"https:\/\/pelicanoproperties.mx\/fr\/pourquoi-cest-un-bon-investissement-detre-proprietaire-a-playa-del-carmen\/#breadcrumb"},"inLanguage":"fr-FR","potentialAction":[{"@type":"ReadAction","target":["https:\/\/pelicanoproperties.mx\/fr\/pourquoi-cest-un-bon-investissement-detre-proprietaire-a-playa-del-carmen\/"]}]},{"@type":"BreadcrumbList","@id":"https:\/\/pelicanoproperties.mx\/fr\/pourquoi-cest-un-bon-investissement-detre-proprietaire-a-playa-del-carmen\/#breadcrumb","itemListElement":[{"@type":"ListItem","position":1,"name":"Portada","item":"https:\/\/pelicanoproperties.mx\/fr\/"},{"@type":"ListItem","position":2,"name":"Pourquoi c\u2019est un bon investissement d\u2019\u00eatre propri\u00e9taire \u00e0 Playa Del Carmen ?"}]},{"@type":"WebSite","@id":"https:\/\/pelicanoproperties.mx\/#website","url":"https:\/\/pelicanoproperties.mx\/","name":"Pelicano Properties","description":"Pelicano Properties","potentialAction":[{"@type":"SearchAction","target":{"@type":"EntryPoint","urlTemplate":"https:\/\/pelicanoproperties.mx\/?s={search_term_string}"},"query-input":"required name=search_term_string"}],"inLanguage":"fr-FR"}]}},"_links":{"self":[{"href":"https:\/\/pelicanoproperties.mx\/fr\/wp-json\/wp\/v2\/pages\/1722","targetHints":{"allow":["GET"]}}],"collection":[{"href":"https:\/\/pelicanoproperties.mx\/fr\/wp-json\/wp\/v2\/pages"}],"about":[{"href":"https:\/\/pelicanoproperties.mx\/fr\/wp-json\/wp\/v2\/types\/page"}],"author":[{"embeddable":true,"href":"https:\/\/pelicanoproperties.mx\/fr\/wp-json\/wp\/v2\/users\/1"}],"replies":[{"embeddable":true,"href":"https:\/\/pelicanoproperties.mx\/fr\/wp-json\/wp\/v2\/comments?post=1722"}],"version-history":[{"count":0,"href":"https:\/\/pelicanoproperties.mx\/fr\/wp-json\/wp\/v2\/pages\/1722\/revisions"}],"wp:attachment":[{"href":"https:\/\/pelicanoproperties.mx\/fr\/wp-json\/wp\/v2\/media?parent=1722"}],"wp:term":[{"taxonomy":"category","embeddable":true,"href":"https:\/\/pelicanoproperties.mx\/fr\/wp-json\/wp\/v2\/categories?post=1722"},{"taxonomy":"post_tag","embeddable":true,"href":"https:\/\/pelicanoproperties.mx\/fr\/wp-json\/wp\/v2\/tags?post=1722"},{"taxonomy":"ciudad","embeddable":true,"href":"https:\/\/pelicanoproperties.mx\/fr\/wp-json\/wp\/v2\/ciudad?post=1722"},{"taxonomy":"precio","embeddable":true,"href":"https:\/\/pelicanoproperties.mx\/fr\/wp-json\/wp\/v2\/precio?post=1722"},{"taxonomy":"tipo","embeddable":true,"href":"https:\/\/pelicanoproperties.mx\/fr\/wp-json\/wp\/v2\/tipo?post=1722"},{"taxonomy":"prix","embeddable":true,"href":"https:\/\/pelicanoproperties.mx\/fr\/wp-json\/wp\/v2\/prix?post=1722"},{"taxonomy":"ville","embeddable":true,"href":"https:\/\/pelicanoproperties.mx\/fr\/wp-json\/wp\/v2\/ville?post=1722"},{"taxonomy":"types","embeddable":true,"href":"https:\/\/pelicanoproperties.mx\/fr\/wp-json\/wp\/v2\/types?post=1722"}],"curies":[{"name":"wp","href":"https:\/\/api.w.org\/{rel}","templated":true}]}}