{"id":1326,"date":"2018-02-13T14:34:48","date_gmt":"2018-02-13T20:34:48","guid":{"rendered":"https:\/\/pelicanoproperties.mx\/?page_id=1326"},"modified":"2025-10-17T13:54:37","modified_gmt":"2025-10-17T18:54:37","slug":"acheter-immobilier-playa-del-carmen-riviera-maya-pelicano-properties-agence-francophone","status":"publish","type":"page","link":"https:\/\/pelicanoproperties.mx\/fr\/acheter-immobilier-playa-del-carmen-riviera-maya-pelicano-properties-agence-francophone\/","title":{"rendered":"PROPRIETES"},"content":{"rendered":"<p>[et_pb_section bb_built=\u00a0\u00bb1&Prime; fullwidth=\u00a0\u00bbon\u00a0\u00bb _builder_version=\u00a0\u00bb3.0.64&Prime; background_image=\u00a0\u00bbhttps:\/\/pelicanoproperties.mx\/wp-content\/uploads\/2017\/10\/bg-condo2.jpg\u00a0\u00bb custom_css_main_element=\u00a0\u00bbmin-height:650px;\u00a0\u00bb][et_pb_fullwidth_header title=\u00a0\u00bbPropri\u00e9t\u00e9s\u00a0\u00bb background_layout=\u00a0\u00bbdark\u00a0\u00bb text_orientation=\u00a0\u00bbcenter\u00a0\u00bb _builder_version=\u00a0\u00bb3.0.64&Prime; header_fullscreen=\u00a0\u00bboff\u00a0\u00bb header_scroll_down=\u00a0\u00bboff\u00a0\u00bb image_orientation=\u00a0\u00bbcenter\u00a0\u00bb content_orientation=\u00a0\u00bbcenter\u00a0\u00bb custom_button_two=\u00a0\u00bboff\u00a0\u00bb button_two_letter_spacing=\u00a0\u00bb0&Prime; button_two_icon_placement=\u00a0\u00bbright\u00a0\u00bb button_two_letter_spacing_hover=\u00a0\u00bb0&Prime; custom_button_one=\u00a0\u00bboff\u00a0\u00bb button_one_letter_spacing=\u00a0\u00bb0&Prime; button_one_icon_placement=\u00a0\u00bbright\u00a0\u00bb button_one_letter_spacing_hover=\u00a0\u00bb0&Prime; \/][\/et_pb_section][et_pb_section bb_built=\u00a0\u00bb1&Prime; _builder_version=\u00a0\u00bb3.0.64&Prime; background_color=\u00a0\u00bb#f3f3f3&Prime;][et_pb_row _builder_version=\u00a0\u00bb3.0.47&Prime; background_size=\u00a0\u00bbinitial\u00a0\u00bb background_position=\u00a0\u00bbtop_left\u00a0\u00bb background_repeat=\u00a0\u00bbrepeat\u00a0\u00bb custom_padding=\u00a0\u00bb31px|0px|0px|0px\u00a0\u00bb][et_pb_column type=\u00a0\u00bb1_3&Prime;][et_pb_image _builder_version=\u00a0\u00bb3.0.64&Prime; src=\u00a0\u00bbhttps:\/\/pelicanoproperties.mx\/wp-content\/uploads\/2017\/10\/1-fr.png\u00a0\u00bb show_in_lightbox=\u00a0\u00bboff\u00a0\u00bb url_new_window=\u00a0\u00bboff\u00a0\u00bb use_overlay=\u00a0\u00bboff\u00a0\u00bb sticky=\u00a0\u00bboff\u00a0\u00bb align=\u00a0\u00bbleft\u00a0\u00bb always_center_on_mobile=\u00a0\u00bbon\u00a0\u00bb border_style=\u00a0\u00bbsolid\u00a0\u00bb force_fullwidth=\u00a0\u00bboff\u00a0\u00bb url=\u00a0\u00bbhttps:\/\/pelicanoproperties.mx\/pura-playa\/\u00a0\u00bb \/][\/et_pb_column][et_pb_column type=\u00a0\u00bb1_3&Prime;][et_pb_image _builder_version=\u00a0\u00bb3.0.64&Prime; src=\u00a0\u00bbhttps:\/\/pelicanoproperties.mx\/wp-content\/uploads\/2017\/10\/2-fr.png\u00a0\u00bb show_in_lightbox=\u00a0\u00bboff\u00a0\u00bb url_new_window=\u00a0\u00bboff\u00a0\u00bb use_overlay=\u00a0\u00bboff\u00a0\u00bb sticky=\u00a0\u00bboff\u00a0\u00bb align=\u00a0\u00bbleft\u00a0\u00bb always_center_on_mobile=\u00a0\u00bbon\u00a0\u00bb border_style=\u00a0\u00bbsolid\u00a0\u00bb force_fullwidth=\u00a0\u00bboff\u00a0\u00bb url=\u00a0\u00bbhttps:\/\/pelicanoproperties.mx\/solea\/\u00a0\u00bb \/][\/et_pb_column][et_pb_column type=\u00a0\u00bb1_3&Prime;][et_pb_image _builder_version=\u00a0\u00bb3.0.64&Prime; src=\u00a0\u00bbhttps:\/\/pelicanoproperties.mx\/wp-content\/uploads\/2017\/10\/3-fr.png\u00a0\u00bb show_in_lightbox=\u00a0\u00bboff\u00a0\u00bb url_new_window=\u00a0\u00bboff\u00a0\u00bb use_overlay=\u00a0\u00bboff\u00a0\u00bb sticky=\u00a0\u00bboff\u00a0\u00bb align=\u00a0\u00bbleft\u00a0\u00bb always_center_on_mobile=\u00a0\u00bbon\u00a0\u00bb border_style=\u00a0\u00bbsolid\u00a0\u00bb force_fullwidth=\u00a0\u00bboff\u00a0\u00bb url=\u00a0\u00bbhttps:\/\/pelicanoproperties.mx\/puerta-zama\/\u00a0\u00bb \/][\/et_pb_column][\/et_pb_row][et_pb_row _builder_version=\u00a0\u00bb3.0.47&Prime; background_size=\u00a0\u00bbinitial\u00a0\u00bb background_position=\u00a0\u00bbtop_left\u00a0\u00bb background_repeat=\u00a0\u00bbrepeat\u00a0\u00bb custom_padding=\u00a0\u00bb31px|0px|0px|0px\u00a0\u00bb][et_pb_column type=\u00a0\u00bb1_3&Prime;][et_pb_image _builder_version=\u00a0\u00bb3.0.64&Prime; src=\u00a0\u00bbhttps:\/\/pelicanoproperties.mx\/wp-content\/uploads\/2017\/10\/4-fr.png\u00a0\u00bb show_in_lightbox=\u00a0\u00bboff\u00a0\u00bb url_new_window=\u00a0\u00bboff\u00a0\u00bb use_overlay=\u00a0\u00bboff\u00a0\u00bb sticky=\u00a0\u00bboff\u00a0\u00bb align=\u00a0\u00bbleft\u00a0\u00bb always_center_on_mobile=\u00a0\u00bbon\u00a0\u00bb border_style=\u00a0\u00bbsolid\u00a0\u00bb force_fullwidth=\u00a0\u00bboff\u00a0\u00bb url=\u00a0\u00bbhttps:\/\/pelicanoproperties.mx\/allegranza\/\u00a0\u00bb \/][\/et_pb_column][et_pb_column type=\u00a0\u00bb1_3&Prime;][et_pb_image _builder_version=\u00a0\u00bb3.0.64&Prime; src=\u00a0\u00bbhttps:\/\/pelicanoproperties.mx\/wp-content\/uploads\/2017\/10\/5-fr.png\u00a0\u00bb show_in_lightbox=\u00a0\u00bboff\u00a0\u00bb url_new_window=\u00a0\u00bboff\u00a0\u00bb use_overlay=\u00a0\u00bboff\u00a0\u00bb sticky=\u00a0\u00bboff\u00a0\u00bb align=\u00a0\u00bbleft\u00a0\u00bb always_center_on_mobile=\u00a0\u00bbon\u00a0\u00bb border_style=\u00a0\u00bbsolid\u00a0\u00bb force_fullwidth=\u00a0\u00bboff\u00a0\u00bb url=\u00a0\u00bbhttps:\/\/pelicanoproperties.mx\/pura-playa\/\u00a0\u00bb \/][\/et_pb_column][et_pb_column type=\u00a0\u00bb1_3&Prime;][et_pb_image _builder_version=\u00a0\u00bb3.0.64&Prime; src=\u00a0\u00bbhttps:\/\/pelicanoproperties.mx\/wp-content\/uploads\/2017\/10\/6-fr.png\u00a0\u00bb show_in_lightbox=\u00a0\u00bboff\u00a0\u00bb url_new_window=\u00a0\u00bboff\u00a0\u00bb use_overlay=\u00a0\u00bboff\u00a0\u00bb sticky=\u00a0\u00bboff\u00a0\u00bb align=\u00a0\u00bbleft\u00a0\u00bb always_center_on_mobile=\u00a0\u00bbon\u00a0\u00bb border_style=\u00a0\u00bbsolid\u00a0\u00bb force_fullwidth=\u00a0\u00bboff\u00a0\u00bb url=\u00a0\u00bbhttps:\/\/pelicanoproperties.mx\/solea\/\u00a0\u00bb \/][\/et_pb_column][\/et_pb_row][\/et_pb_section]<\/p>\n","protected":false},"excerpt":{"rendered":"<p>[et_pb_section bb_built=\u00a0\u00bb1&Prime; fullwidth=\u00a0\u00bbon\u00a0\u00bb _builder_version=\u00a0\u00bb3.0.64&Prime; background_image=\u00a0\u00bbhttps:\/\/pelicanoproperties.mx\/wp-content\/uploads\/2017\/10\/bg-condo2.jpg\u00a0\u00bb custom_css_main_element=\u00a0\u00bbmin-height:650px;\u00a0\u00bb][et_pb_fullwidth_header title=\u00a0\u00bbPropri\u00e9t\u00e9s\u00a0\u00bb background_layout=\u00a0\u00bbdark\u00a0\u00bb text_orientation=\u00a0\u00bbcenter\u00a0\u00bb _builder_version=\u00a0\u00bb3.0.64&Prime; header_fullscreen=\u00a0\u00bboff\u00a0\u00bb header_scroll_down=\u00a0\u00bboff\u00a0\u00bb image_orientation=\u00a0\u00bbcenter\u00a0\u00bb content_orientation=\u00a0\u00bbcenter\u00a0\u00bb custom_button_two=\u00a0\u00bboff\u00a0\u00bb button_two_letter_spacing=\u00a0\u00bb0&Prime; button_two_icon_placement=\u00a0\u00bbright\u00a0\u00bb button_two_letter_spacing_hover=\u00a0\u00bb0&Prime; custom_button_one=\u00a0\u00bboff\u00a0\u00bb button_one_letter_spacing=\u00a0\u00bb0&Prime; button_one_icon_placement=\u00a0\u00bbright\u00a0\u00bb button_one_letter_spacing_hover=\u00a0\u00bb0&Prime; \/][\/et_pb_section][et_pb_section bb_built=\u00a0\u00bb1&Prime; _builder_version=\u00a0\u00bb3.0.64&Prime; background_color=\u00a0\u00bb#f3f3f3&Prime;][et_pb_row _builder_version=\u00a0\u00bb3.0.47&Prime; background_size=\u00a0\u00bbinitial\u00a0\u00bb background_position=\u00a0\u00bbtop_left\u00a0\u00bb background_repeat=\u00a0\u00bbrepeat\u00a0\u00bb custom_padding=\u00a0\u00bb31px|0px|0px|0px\u00a0\u00bb][et_pb_column type=\u00a0\u00bb1_3&Prime;][et_pb_image _builder_version=\u00a0\u00bb3.0.64&Prime; src=\u00a0\u00bbhttps:\/\/pelicanoproperties.mx\/wp-content\/uploads\/2017\/10\/1-fr.png\u00a0\u00bb show_in_lightbox=\u00a0\u00bboff\u00a0\u00bb url_new_window=\u00a0\u00bboff\u00a0\u00bb use_overlay=\u00a0\u00bboff\u00a0\u00bb sticky=\u00a0\u00bboff\u00a0\u00bb align=\u00a0\u00bbleft\u00a0\u00bb always_center_on_mobile=\u00a0\u00bbon\u00a0\u00bb border_style=\u00a0\u00bbsolid\u00a0\u00bb force_fullwidth=\u00a0\u00bboff\u00a0\u00bb url=\u00a0\u00bbhttps:\/\/pelicanoproperties.mx\/pura-playa\/\u00a0\u00bb \/][\/et_pb_column][et_pb_column type=\u00a0\u00bb1_3&Prime;][et_pb_image _builder_version=\u00a0\u00bb3.0.64&Prime; src=\u00a0\u00bbhttps:\/\/pelicanoproperties.mx\/wp-content\/uploads\/2017\/10\/2-fr.png\u00a0\u00bb show_in_lightbox=\u00a0\u00bboff\u00a0\u00bb url_new_window=\u00a0\u00bboff\u00a0\u00bb use_overlay=\u00a0\u00bboff\u00a0\u00bb sticky=\u00a0\u00bboff\u00a0\u00bb align=\u00a0\u00bbleft\u00a0\u00bb always_center_on_mobile=\u00a0\u00bbon\u00a0\u00bb border_style=\u00a0\u00bbsolid\u00a0\u00bb force_fullwidth=\u00a0\u00bboff\u00a0\u00bb [&hellip;]<\/p>\n","protected":false},"author":1,"featured_media":0,"parent":0,"menu_order":0,"comment_status":"closed","ping_status":"closed","template":"","meta":{"_et_pb_use_builder":"on","_et_pb_old_content":"","footnotes":""},"categories":[],"tags":[],"ciudad":[],"precio":[],"tipo":[],"prix":[],"ville":[],"types":[],"class_list":["post-1326","page","type-page","status-publish","hentry"],"yoast_head":"<!-- This site is optimized with the Yoast SEO plugin v21.4 - https:\/\/yoast.com\/wordpress\/plugins\/seo\/ -->\n<title>PROPRIETES - Pelicano Properties<\/title>\n<meta name=\"description\" content=\"D\u00e9couvrez nos propri\u00e9t\u00e9s en vente \u00e0 Playa del Carmen et sur la Riviera Maya. Pelicano Properties, agence francophone de confiance au Mexique.\" \/>\n<meta name=\"robots\" content=\"index, follow, max-snippet:-1, max-image-preview:large, max-video-preview:-1\" \/>\n<link rel=\"canonical\" href=\"https:\/\/pelicanoproperties.mx\/fr\/acheter-immobilier-playa-del-carmen-riviera-maya-pelicano-properties-agence-francophone\/\" \/>\n<meta property=\"og:locale\" content=\"fr_FR\" \/>\n<meta property=\"og:type\" content=\"article\" \/>\n<meta property=\"og:title\" content=\"PROPRIETES - Pelicano Properties\" \/>\n<meta property=\"og:description\" content=\"D\u00e9couvrez nos propri\u00e9t\u00e9s en vente \u00e0 Playa del Carmen et sur la Riviera Maya. Pelicano Properties, agence francophone de confiance au Mexique.\" \/>\n<meta property=\"og:url\" content=\"https:\/\/pelicanoproperties.mx\/fr\/acheter-immobilier-playa-del-carmen-riviera-maya-pelicano-properties-agence-francophone\/\" \/>\n<meta property=\"og:site_name\" content=\"Pelicano Properties\" \/>\n<meta property=\"article:modified_time\" content=\"2025-10-17T18:54:37+00:00\" \/>\n<meta name=\"twitter:card\" content=\"summary_large_image\" \/>\n<meta name=\"twitter:label1\" content=\"Dur\u00e9e de lecture estim\u00e9e\" \/>\n\t<meta name=\"twitter:data1\" content=\"1 minute\" \/>\n<script type=\"application\/ld+json\" class=\"yoast-schema-graph\">{\"@context\":\"https:\/\/schema.org\",\"@graph\":[{\"@type\":\"WebPage\",\"@id\":\"https:\/\/pelicanoproperties.mx\/fr\/acheter-immobilier-playa-del-carmen-riviera-maya-pelicano-properties-agence-francophone\/\",\"url\":\"https:\/\/pelicanoproperties.mx\/fr\/acheter-immobilier-playa-del-carmen-riviera-maya-pelicano-properties-agence-francophone\/\",\"name\":\"PROPRIETES - Pelicano Properties\",\"isPartOf\":{\"@id\":\"https:\/\/pelicanoproperties.mx\/#website\"},\"datePublished\":\"2018-02-13T20:34:48+00:00\",\"dateModified\":\"2025-10-17T18:54:37+00:00\",\"description\":\"D\u00e9couvrez nos propri\u00e9t\u00e9s en vente \u00e0 Playa del Carmen et sur la Riviera Maya. Pelicano Properties, agence francophone de confiance au Mexique.\",\"breadcrumb\":{\"@id\":\"https:\/\/pelicanoproperties.mx\/fr\/acheter-immobilier-playa-del-carmen-riviera-maya-pelicano-properties-agence-francophone\/#breadcrumb\"},\"inLanguage\":\"fr-FR\",\"potentialAction\":[{\"@type\":\"ReadAction\",\"target\":[\"https:\/\/pelicanoproperties.mx\/fr\/acheter-immobilier-playa-del-carmen-riviera-maya-pelicano-properties-agence-francophone\/\"]}]},{\"@type\":\"BreadcrumbList\",\"@id\":\"https:\/\/pelicanoproperties.mx\/fr\/acheter-immobilier-playa-del-carmen-riviera-maya-pelicano-properties-agence-francophone\/#breadcrumb\",\"itemListElement\":[{\"@type\":\"ListItem\",\"position\":1,\"name\":\"Portada\",\"item\":\"https:\/\/pelicanoproperties.mx\/fr\/\"},{\"@type\":\"ListItem\",\"position\":2,\"name\":\"PROPRIETES\"}]},{\"@type\":\"WebSite\",\"@id\":\"https:\/\/pelicanoproperties.mx\/#website\",\"url\":\"https:\/\/pelicanoproperties.mx\/\",\"name\":\"Pelicano Properties\",\"description\":\"Pelicano Properties\",\"potentialAction\":[{\"@type\":\"SearchAction\",\"target\":{\"@type\":\"EntryPoint\",\"urlTemplate\":\"https:\/\/pelicanoproperties.mx\/?s={search_term_string}\"},\"query-input\":\"required name=search_term_string\"}],\"inLanguage\":\"fr-FR\"}]}<\/script>\n<!-- \/ Yoast SEO plugin. -->","yoast_head_json":{"title":"PROPRIETES - Pelicano Properties","description":"D\u00e9couvrez nos propri\u00e9t\u00e9s en vente \u00e0 Playa del Carmen et sur la Riviera Maya. Pelicano Properties, agence francophone de confiance au Mexique.","robots":{"index":"index","follow":"follow","max-snippet":"max-snippet:-1","max-image-preview":"max-image-preview:large","max-video-preview":"max-video-preview:-1"},"canonical":"https:\/\/pelicanoproperties.mx\/fr\/acheter-immobilier-playa-del-carmen-riviera-maya-pelicano-properties-agence-francophone\/","og_locale":"fr_FR","og_type":"article","og_title":"PROPRIETES - Pelicano Properties","og_description":"D\u00e9couvrez nos propri\u00e9t\u00e9s en vente \u00e0 Playa del Carmen et sur la Riviera Maya. Pelicano Properties, agence francophone de confiance au Mexique.","og_url":"https:\/\/pelicanoproperties.mx\/fr\/acheter-immobilier-playa-del-carmen-riviera-maya-pelicano-properties-agence-francophone\/","og_site_name":"Pelicano Properties","article_modified_time":"2025-10-17T18:54:37+00:00","twitter_card":"summary_large_image","twitter_misc":{"Dur\u00e9e de lecture estim\u00e9e":"1 minute"},"schema":{"@context":"https:\/\/schema.org","@graph":[{"@type":"WebPage","@id":"https:\/\/pelicanoproperties.mx\/fr\/acheter-immobilier-playa-del-carmen-riviera-maya-pelicano-properties-agence-francophone\/","url":"https:\/\/pelicanoproperties.mx\/fr\/acheter-immobilier-playa-del-carmen-riviera-maya-pelicano-properties-agence-francophone\/","name":"PROPRIETES - Pelicano Properties","isPartOf":{"@id":"https:\/\/pelicanoproperties.mx\/#website"},"datePublished":"2018-02-13T20:34:48+00:00","dateModified":"2025-10-17T18:54:37+00:00","description":"D\u00e9couvrez nos propri\u00e9t\u00e9s en vente \u00e0 Playa del Carmen et sur la Riviera Maya. Pelicano Properties, agence francophone de confiance au Mexique.","breadcrumb":{"@id":"https:\/\/pelicanoproperties.mx\/fr\/acheter-immobilier-playa-del-carmen-riviera-maya-pelicano-properties-agence-francophone\/#breadcrumb"},"inLanguage":"fr-FR","potentialAction":[{"@type":"ReadAction","target":["https:\/\/pelicanoproperties.mx\/fr\/acheter-immobilier-playa-del-carmen-riviera-maya-pelicano-properties-agence-francophone\/"]}]},{"@type":"BreadcrumbList","@id":"https:\/\/pelicanoproperties.mx\/fr\/acheter-immobilier-playa-del-carmen-riviera-maya-pelicano-properties-agence-francophone\/#breadcrumb","itemListElement":[{"@type":"ListItem","position":1,"name":"Portada","item":"https:\/\/pelicanoproperties.mx\/fr\/"},{"@type":"ListItem","position":2,"name":"PROPRIETES"}]},{"@type":"WebSite","@id":"https:\/\/pelicanoproperties.mx\/#website","url":"https:\/\/pelicanoproperties.mx\/","name":"Pelicano Properties","description":"Pelicano Properties","potentialAction":[{"@type":"SearchAction","target":{"@type":"EntryPoint","urlTemplate":"https:\/\/pelicanoproperties.mx\/?s={search_term_string}"},"query-input":"required name=search_term_string"}],"inLanguage":"fr-FR"}]}},"_links":{"self":[{"href":"https:\/\/pelicanoproperties.mx\/fr\/wp-json\/wp\/v2\/pages\/1326","targetHints":{"allow":["GET"]}}],"collection":[{"href":"https:\/\/pelicanoproperties.mx\/fr\/wp-json\/wp\/v2\/pages"}],"about":[{"href":"https:\/\/pelicanoproperties.mx\/fr\/wp-json\/wp\/v2\/types\/page"}],"author":[{"embeddable":true,"href":"https:\/\/pelicanoproperties.mx\/fr\/wp-json\/wp\/v2\/users\/1"}],"replies":[{"embeddable":true,"href":"https:\/\/pelicanoproperties.mx\/fr\/wp-json\/wp\/v2\/comments?post=1326"}],"version-history":[{"count":0,"href":"https:\/\/pelicanoproperties.mx\/fr\/wp-json\/wp\/v2\/pages\/1326\/revisions"}],"wp:attachment":[{"href":"https:\/\/pelicanoproperties.mx\/fr\/wp-json\/wp\/v2\/media?parent=1326"}],"wp:term":[{"taxonomy":"category","embeddable":true,"href":"https:\/\/pelicanoproperties.mx\/fr\/wp-json\/wp\/v2\/categories?post=1326"},{"taxonomy":"post_tag","embeddable":true,"href":"https:\/\/pelicanoproperties.mx\/fr\/wp-json\/wp\/v2\/tags?post=1326"},{"taxonomy":"ciudad","embeddable":true,"href":"https:\/\/pelicanoproperties.mx\/fr\/wp-json\/wp\/v2\/ciudad?post=1326"},{"taxonomy":"precio","embeddable":true,"href":"https:\/\/pelicanoproperties.mx\/fr\/wp-json\/wp\/v2\/precio?post=1326"},{"taxonomy":"tipo","embeddable":true,"href":"https:\/\/pelicanoproperties.mx\/fr\/wp-json\/wp\/v2\/tipo?post=1326"},{"taxonomy":"prix","embeddable":true,"href":"https:\/\/pelicanoproperties.mx\/fr\/wp-json\/wp\/v2\/prix?post=1326"},{"taxonomy":"ville","embeddable":true,"href":"https:\/\/pelicanoproperties.mx\/fr\/wp-json\/wp\/v2\/ville?post=1326"},{"taxonomy":"types","embeddable":true,"href":"https:\/\/pelicanoproperties.mx\/fr\/wp-json\/wp\/v2\/types?post=1326"}],"curies":[{"name":"wp","href":"https:\/\/api.w.org\/{rel}","templated":true}]}}