{"id":1317,"date":"2018-02-12T22:44:36","date_gmt":"2018-02-13T04:44:36","guid":{"rendered":"https:\/\/pelicanoproperties.mx\/?page_id=1317"},"modified":"2025-10-17T14:03:10","modified_gmt":"2025-10-17T19:03:10","slug":"contactez-pelicano-properties-a-playa-del-carmen-et-sur-la-riviera-maya","status":"publish","type":"page","link":"https:\/\/pelicanoproperties.mx\/fr\/contactez-pelicano-properties-a-playa-del-carmen-et-sur-la-riviera-maya\/","title":{"rendered":"CONTACT"},"content":{"rendered":"<p>[et_pb_section bb_built=\u00a0\u00bb1&Prime; fullwidth=\u00a0\u00bbon\u00a0\u00bb _builder_version=\u00a0\u00bb3.21.4&Prime; background_image=\u00a0\u00bbhttps:\/\/pelicanoproperties.mx\/wp-content\/uploads\/2017\/10\/bg-con.jpg\u00a0\u00bb z_index_tablet=\u00a0\u00bb500&Prime; custom_css_main_element=\u00a0\u00bbmin-height:650px;\u00a0\u00bb next_background_color=\u00a0\u00bbrgba(248,248,248,0)\u00a0\u00bb][et_pb_fullwidth_header title=\u00a0\u00bbContact\u00a0\u00bb text_orientation=\u00a0\u00bbcenter\u00a0\u00bb _builder_version=\u00a0\u00bb3.21.4&Prime; background_color=\u00a0\u00bbrgba(255, 255, 255, 0)\u00a0\u00bb button_one_letter_spacing_hover=\u00a0\u00bb0&Prime; button_two_letter_spacing_hover=\u00a0\u00bb0&Prime; button_one_text_size__hover_enabled=\u00a0\u00bboff\u00a0\u00bb button_one_text_size__hover=\u00a0\u00bbnull\u00a0\u00bb button_two_text_size__hover_enabled=\u00a0\u00bboff\u00a0\u00bb button_two_text_size__hover=\u00a0\u00bbnull\u00a0\u00bb button_one_text_color__hover_enabled=\u00a0\u00bboff\u00a0\u00bb button_one_text_color__hover=\u00a0\u00bbnull\u00a0\u00bb button_two_text_color__hover_enabled=\u00a0\u00bboff\u00a0\u00bb button_two_text_color__hover=\u00a0\u00bbnull\u00a0\u00bb button_one_border_width__hover_enabled=\u00a0\u00bboff\u00a0\u00bb button_one_border_width__hover=\u00a0\u00bbnull\u00a0\u00bb button_two_border_width__hover_enabled=\u00a0\u00bboff\u00a0\u00bb button_two_border_width__hover=\u00a0\u00bbnull\u00a0\u00bb button_one_border_color__hover_enabled=\u00a0\u00bboff\u00a0\u00bb button_one_border_color__hover=\u00a0\u00bbnull\u00a0\u00bb button_two_border_color__hover_enabled=\u00a0\u00bboff\u00a0\u00bb button_two_border_color__hover=\u00a0\u00bbnull\u00a0\u00bb button_one_border_radius__hover_enabled=\u00a0\u00bboff\u00a0\u00bb button_one_border_radius__hover=\u00a0\u00bbnull\u00a0\u00bb button_two_border_radius__hover_enabled=\u00a0\u00bboff\u00a0\u00bb button_two_border_radius__hover=\u00a0\u00bbnull\u00a0\u00bb button_one_letter_spacing__hover_enabled=\u00a0\u00bbon\u00a0\u00bb button_one_letter_spacing__hover=\u00a0\u00bb0&Prime; button_two_letter_spacing__hover_enabled=\u00a0\u00bbon\u00a0\u00bb button_two_letter_spacing__hover=\u00a0\u00bb0&Prime; button_one_bg_color__hover_enabled=\u00a0\u00bboff\u00a0\u00bb button_one_bg_color__hover=\u00a0\u00bbnull\u00a0\u00bb button_two_bg_color__hover_enabled=\u00a0\u00bboff\u00a0\u00bb button_two_bg_color__hover=\u00a0\u00bbnull\u00a0\u00bb]<\/p>\n<p>[\/et_pb_fullwidth_header][\/et_pb_section][et_pb_section bb_built=\u00a0\u00bb1&Prime; _builder_version=\u00a0\u00bb3.0.74&Prime; background_color=\u00a0\u00bbrgba(248,248,248,0)\u00a0\u00bb custom_padding=\u00a0\u00bb0px|0px|62px|0px\u00a0\u00bb prev_background_color=\u00a0\u00bb#ffffff\u00a0\u00bb][et_pb_row _builder_version=\u00a0\u00bb3.21.4&Prime;][et_pb_column type=\u00a0\u00bb1_3&Prime;][et_pb_text _builder_version=\u00a0\u00bb3.21.4&Prime; custom_padding=\u00a0\u00bb30px|0px|30px|30px\u00a0\u00bb z_index_tablet=\u00a0\u00bb500&Prime;]<\/p>\n<div class=\"ico\">\n<div class=\"ico-img\">\u00a0<\/div>\n<\/div>\n<div class=\"ico\">\n<p class=\"ico-img\"><img decoding=\"async\" src=\"https:\/\/pelicanoproperties.mx\/wp-content\/uploads\/2017\/10\/ico2.jpg\" alt=\"\" \/><\/p>\n<p class=\"ico-img\">+52 984 137 2300<\/p>\n<\/div>\n<div class=\"ico\">\n<p class=\"ico-img\"><img decoding=\"async\" src=\"https:\/\/pelicanoproperties.mx\/wp-content\/uploads\/2017\/10\/ico3.jpg\" alt=\"\" \/><\/p>\n<p class=\"ico-img\">pelicanoproperties@gmail.com<\/p>\n<\/div>\n<p>[\/et_pb_text][\/et_pb_column][et_pb_column type=\u00a0\u00bb1_3&Prime;][et_pb_code _builder_version=\u00a0\u00bb3.21.4&Prime;]<noscript class=\"ninja-forms-noscript-message\">\n\tRemarque \u2013 JavaScript est requis pour ce contenu.<\/noscript>\n<div id=\"nf-form-4-cont\" class=\"nf-form-cont\" aria-live=\"polite\" aria-labelledby=\"nf-form-title-4\" aria-describedby=\"nf-form-errors-4\" role=\"form\">\n\n    <div class=\"nf-loading-spinner\"><\/div>\n\n<\/div>\n        <!-- That data is being printed as a workaround to page builders reordering the order of the scripts loaded-->\n        <script>var formDisplay=1;var nfForms=nfForms||[];var form=[];form.id='4';form.settings={\"objectType\":\"Form Setting\",\"editActive\":true,\"title\":\"Form frances\",\"show_title\":0,\"allow_public_link\":0,\"embed_form\":\"\",\"clear_complete\":1,\"hide_complete\":1,\"default_label_pos\":\"above\",\"wrapper_class\":\"\",\"element_class\":\"\",\"key\":\"\",\"add_submit\":1,\"currency\":\"\",\"unique_field_error\":\"Ya se ha enviado un formulario con este valor.\",\"logged_in\":false,\"not_logged_in_msg\":\"\",\"sub_limit_msg\":\"Has alcanzado el l\\u00edmite de env\\u00edos en el formulario.\",\"calculations\":[],\"formContentData\":[\"nom_prenom_1653928515766\",\"email_1653929644180\",\"phone_1653929706187\",\"textarea_1653929815216\",\"spam_1653929959925\",\"envoyer_1653928906762\"],\"changeEmailErrorMsg\":\"Entrez une adresse email valide\\u00a0!\",\"changeDateErrorMsg\":\"Veuillez saisir une date valide\\u00a0!\",\"confirmFieldErrorMsg\":\"Ces champs doivent correspondre\\u00a0!\",\"fieldNumberNumMinError\":\"Erreur min num\\u00e9ro\",\"fieldNumberNumMaxError\":\"Erreur max num\\u00e9ro\",\"fieldNumberIncrementBy\":\"Incr\\u00e9menter par \",\"formErrorsCorrectErrors\":\"Corrigez les erreurs avant de soumettre ce formulaire.\",\"validateRequiredField\":\"Ce champs est requis.\",\"honeypotHoneypotError\":\"Erreur Honeypot\",\"fieldsMarkedRequired\":\"Les champs marqu\\u00e9s d\\u2019un ast\\u00e9risque <span class=\\\"ninja-forms-req-symbol\\\">*<\\\/span> sont obligatoires.\",\"drawerDisabled\":false,\"ninjaForms\":\"Ninja Forms\",\"fieldTextareaRTEInsertLink\":\"Ins\\u00e9rer le lien\",\"fieldTextareaRTEInsertMedia\":\"Ins\\u00e9rer le m\\u00e9dia\",\"fieldTextareaRTESelectAFile\":\"S\\u00e9lectionner un fichier\",\"formHoneypot\":\"Si vous \\u00eates un \\u00eatre humain visualisant ce champ, merci de le laisser vide.\",\"fileUploadOldCodeFileUploadInProgress\":\"Upload du fichier en cours\",\"fileUploadOldCodeFileUpload\":\"UPLOAD FICHIER\",\"currencySymbol\":\"$\",\"thousands_sep\":\"\\u00a0\",\"decimal_point\":\",\",\"siteLocale\":\"fr_FR\",\"dateFormat\":\"d\\\/m\\\/Y\",\"startOfWeek\":\"1\",\"of\":\"de\",\"previousMonth\":\"Mois pr\\u00e9c\\u00e9dent\",\"nextMonth\":\"Mois suivant\",\"months\":[\"Janvier\",\"F\\u00e9vrier\",\"Mars\",\"Avril\",\"Mai\",\"Juin\",\"Juillet\",\"Ao\\u00fbt\",\"Septembre\",\"Octobre\",\"Novembre\",\"D\\u00e9cembre\"],\"monthsShort\":[\"Jan\",\"F\\u00e9v\",\"Mar\",\"Avr\",\"Mai\",\"Juin\",\"Juil\",\"Ao\\u00fb\",\"Sep\",\"Oct\",\"Nov\",\"D\\u00e9c\"],\"weekdays\":[\"Dimanche\",\"Lundi\",\"Mardi\",\"Mercredi\",\"Jeudi\",\"Vendredi\",\"Samedi\"],\"weekdaysShort\":[\"Dim\",\"Lun\",\"Mar\",\"Mer\",\"Jeu\",\"Ven\",\"Sam\"],\"weekdaysMin\":[\"Di\",\"Lu\",\"Ma\",\"Me\",\"Je\",\"Ve\",\"Sa\"],\"recaptchaConsentMissing\":\"reCaptcha validation couldn&#039;t load.\",\"recaptchaMissingCookie\":\"reCaptcha v3 validation couldn&#039;t load the cookie needed to submit the form.\",\"recaptchaConsentEvent\":\"Accept reCaptcha cookies before sending the form.\",\"currency_symbol\":\"\",\"beforeForm\":\"\",\"beforeFields\":\"\",\"afterFields\":\"\",\"afterForm\":\"\"};form.fields=[{\"objectType\":\"Field\",\"objectDomain\":\"fields\",\"editActive\":false,\"order\":1,\"label\":\"Nom \\\/ Pr\\u00e9nom\",\"type\":\"firstname\",\"key\":\"nom_prenom_1653928515766\",\"label_pos\":\"hidden\",\"required\":1,\"default\":\"\",\"placeholder\":\"Nom \\\/ Pr\\u00e9nom\",\"container_class\":\"\",\"element_class\":\"\",\"admin_label\":\"\",\"help_text\":\"\",\"custom_name_attribute\":\"fname\",\"personally_identifiable\":1,\"disable_browser_autocomplete\":0,\"value\":\"\",\"drawerDisabled\":false,\"id\":23,\"beforeField\":\"\",\"afterField\":\"\",\"parentType\":\"firstname\",\"element_templates\":[\"firstname\",\"input\"],\"old_classname\":\"\",\"wrap_template\":\"wrap\"},{\"objectType\":\"Field\",\"objectDomain\":\"fields\",\"editActive\":false,\"order\":2,\"label\":\"Correo electr\\u00f3nico\",\"type\":\"email\",\"key\":\"email_1653929644180\",\"label_pos\":\"hidden\",\"required\":1,\"default\":\"\",\"placeholder\":\"Adresse \\u00e9l\\u00e9ctronique\",\"container_class\":\"\",\"element_class\":\"\",\"admin_label\":\"\",\"help_text\":\"\",\"custom_name_attribute\":\"email\",\"personally_identifiable\":1,\"value\":\"\",\"drawerDisabled\":false,\"id\":25,\"beforeField\":\"\",\"afterField\":\"\",\"parentType\":\"email\",\"element_templates\":[\"email\",\"input\"],\"old_classname\":\"\",\"wrap_template\":\"wrap\"},{\"objectType\":\"Field\",\"objectDomain\":\"fields\",\"editActive\":false,\"order\":3,\"label\":\"Tel\\u00e9fono\",\"type\":\"phone\",\"key\":\"phone_1653929706187\",\"label_pos\":\"hidden\",\"required\":1,\"default\":\"\",\"placeholder\":\"T\\u00e9l\\u00e9phone\",\"container_class\":\"\",\"element_class\":\"\",\"input_limit\":\"\",\"input_limit_type\":\"characters\",\"input_limit_msg\":\"Caracteres restantes\",\"manual_key\":false,\"admin_label\":\"\",\"help_text\":\"\",\"mask\":\"\",\"custom_mask\":\"\",\"custom_name_attribute\":\"phone\",\"personally_identifiable\":1,\"value\":\"\",\"drawerDisabled\":false,\"id\":26,\"beforeField\":\"\",\"afterField\":\"\",\"parentType\":\"textbox\",\"element_templates\":[\"tel\",\"textbox\",\"input\"],\"old_classname\":\"\",\"wrap_template\":\"wrap\"},{\"objectType\":\"Field\",\"objectDomain\":\"fields\",\"editActive\":false,\"order\":4,\"label\":\"Texto del p\\u00e1rrafo\",\"type\":\"textarea\",\"key\":\"textarea_1653929815216\",\"label_pos\":\"hidden\",\"required\":false,\"default\":\"\",\"placeholder\":\"Commentaire\",\"container_class\":\"\",\"element_class\":\"\",\"input_limit\":\"\",\"input_limit_type\":\"characters\",\"input_limit_msg\":\"Caracteres restantes\",\"manual_key\":false,\"admin_label\":\"\",\"help_text\":\"\",\"textarea_rte\":\"\",\"disable_rte_mobile\":\"\",\"textarea_media\":\"\",\"value\":\"\",\"drawerDisabled\":false,\"id\":28,\"beforeField\":\"\",\"afterField\":\"\",\"parentType\":\"textarea\",\"element_templates\":[\"textarea\",\"input\"],\"old_classname\":\"\",\"wrap_template\":\"wrap\"},{\"objectType\":\"Field\",\"objectDomain\":\"fields\",\"editActive\":false,\"order\":5,\"label\":\"Anti-spam\",\"type\":\"spam\",\"key\":\"spam_1653929959925\",\"label_pos\":\"hidden\",\"required\":1,\"default\":\"\",\"placeholder\":\"32+2=\",\"container_class\":\"\",\"element_class\":\"\",\"input_limit\":\"\",\"input_limit_type\":\"characters\",\"input_limit_msg\":\"Caracteres restantes\",\"manual_key\":true,\"admin_label\":\"\",\"help_text\":\"\",\"spam_answer\":34,\"value\":\"\",\"drawerDisabled\":false,\"id\":30,\"beforeField\":\"\",\"afterField\":\"\",\"parentType\":\"spam\",\"element_templates\":[\"textbox\",\"input\"],\"old_classname\":\"\",\"wrap_template\":\"wrap\"},{\"objectType\":\"Field\",\"objectDomain\":\"fields\",\"editActive\":false,\"order\":6,\"type\":\"submit\",\"label\":\"Envoyer\",\"processing_label\":\"Procesando\",\"container_class\":\"\",\"element_class\":\"\",\"key\":\"envoyer_1653928906762\",\"drawerDisabled\":false,\"id\":24,\"beforeField\":\"\",\"afterField\":\"\",\"value\":\"\",\"label_pos\":\"above\",\"parentType\":\"textbox\",\"element_templates\":[\"submit\",\"button\",\"input\"],\"old_classname\":\"\",\"wrap_template\":\"wrap-no-label\"}];nfForms.push(form);<\/script>\n        [\/et_pb_code][\/et_pb_column][et_pb_column type=\u00a0\u00bb1_3&Prime;][et_pb_image src=\u00a0\u00bbhttps:\/\/pelicanoproperties.mx\/wp-content\/uploads\/2019\/05\/playa-del-Carmen-2.jpg\u00a0\u00bb _builder_version=\u00a0\u00bb3.21.4&Prime;]<\/p>\n<p>[\/et_pb_image][\/et_pb_column][\/et_pb_row][\/et_pb_section]<\/p>\n","protected":false},"excerpt":{"rendered":"<p>[et_pb_section bb_built=\u00a0\u00bb1&Prime; fullwidth=\u00a0\u00bbon\u00a0\u00bb _builder_version=\u00a0\u00bb3.21.4&Prime; background_image=\u00a0\u00bbhttps:\/\/pelicanoproperties.mx\/wp-content\/uploads\/2017\/10\/bg-con.jpg\u00a0\u00bb z_index_tablet=\u00a0\u00bb500&Prime; custom_css_main_element=\u00a0\u00bbmin-height:650px;\u00a0\u00bb next_background_color=\u00a0\u00bbrgba(248,248,248,0)\u00a0\u00bb][et_pb_fullwidth_header title=\u00a0\u00bbContact\u00a0\u00bb text_orientation=\u00a0\u00bbcenter\u00a0\u00bb _builder_version=\u00a0\u00bb3.21.4&Prime; background_color=\u00a0\u00bbrgba(255, 255, 255, 0)\u00a0\u00bb button_one_letter_spacing_hover=\u00a0\u00bb0&Prime; button_two_letter_spacing_hover=\u00a0\u00bb0&Prime; button_one_text_size__hover_enabled=\u00a0\u00bboff\u00a0\u00bb button_one_text_size__hover=\u00a0\u00bbnull\u00a0\u00bb button_two_text_size__hover_enabled=\u00a0\u00bboff\u00a0\u00bb button_two_text_size__hover=\u00a0\u00bbnull\u00a0\u00bb button_one_text_color__hover_enabled=\u00a0\u00bboff\u00a0\u00bb button_one_text_color__hover=\u00a0\u00bbnull\u00a0\u00bb button_two_text_color__hover_enabled=\u00a0\u00bboff\u00a0\u00bb button_two_text_color__hover=\u00a0\u00bbnull\u00a0\u00bb button_one_border_width__hover_enabled=\u00a0\u00bboff\u00a0\u00bb button_one_border_width__hover=\u00a0\u00bbnull\u00a0\u00bb button_two_border_width__hover_enabled=\u00a0\u00bboff\u00a0\u00bb button_two_border_width__hover=\u00a0\u00bbnull\u00a0\u00bb button_one_border_color__hover_enabled=\u00a0\u00bboff\u00a0\u00bb button_one_border_color__hover=\u00a0\u00bbnull\u00a0\u00bb button_two_border_color__hover_enabled=\u00a0\u00bboff\u00a0\u00bb button_two_border_color__hover=\u00a0\u00bbnull\u00a0\u00bb button_one_border_radius__hover_enabled=\u00a0\u00bboff\u00a0\u00bb button_one_border_radius__hover=\u00a0\u00bbnull\u00a0\u00bb button_two_border_radius__hover_enabled=\u00a0\u00bboff\u00a0\u00bb button_two_border_radius__hover=\u00a0\u00bbnull\u00a0\u00bb button_one_letter_spacing__hover_enabled=\u00a0\u00bbon\u00a0\u00bb button_one_letter_spacing__hover=\u00a0\u00bb0&Prime; button_two_letter_spacing__hover_enabled=\u00a0\u00bbon\u00a0\u00bb button_two_letter_spacing__hover=\u00a0\u00bb0&Prime; button_one_bg_color__hover_enabled=\u00a0\u00bboff\u00a0\u00bb button_one_bg_color__hover=\u00a0\u00bbnull\u00a0\u00bb button_two_bg_color__hover_enabled=\u00a0\u00bboff\u00a0\u00bb button_two_bg_color__hover=\u00a0\u00bbnull\u00a0\u00bb] [\/et_pb_fullwidth_header][\/et_pb_section][et_pb_section bb_built=\u00a0\u00bb1&Prime; _builder_version=\u00a0\u00bb3.0.74&Prime; background_color=\u00a0\u00bbrgba(248,248,248,0)\u00a0\u00bb custom_padding=\u00a0\u00bb0px|0px|62px|0px\u00a0\u00bb prev_background_color=\u00a0\u00bb#ffffff\u00a0\u00bb][et_pb_row _builder_version=\u00a0\u00bb3.21.4&Prime;][et_pb_column type=\u00a0\u00bb1_3&Prime;][et_pb_text _builder_version=\u00a0\u00bb3.21.4&Prime; custom_padding=\u00a0\u00bb30px|0px|30px|30px\u00a0\u00bb [&hellip;]<\/p>\n","protected":false},"author":1,"featured_media":0,"parent":0,"menu_order":0,"comment_status":"closed","ping_status":"closed","template":"","meta":{"_et_pb_use_builder":"on","_et_pb_old_content":"","footnotes":""},"categories":[],"tags":[],"ciudad":[],"precio":[],"tipo":[],"prix":[],"ville":[],"types":[],"class_list":["post-1317","page","type-page","status-publish","hentry"],"yoast_head":"<!-- This site is optimized with the Yoast SEO plugin v21.4 - https:\/\/yoast.com\/wordpress\/plugins\/seo\/ -->\n<title>CONTACT - Pelicano Properties<\/title>\n<meta name=\"description\" content=\"Contactez Pelicano Properties, agence immobili\u00e8re \u00e0 Playa del carmen, si vous souhaitez investir dans le paradis m\u00e9xicain\" \/>\n<meta name=\"robots\" content=\"index, follow, max-snippet:-1, max-image-preview:large, max-video-preview:-1\" \/>\n<link rel=\"canonical\" href=\"https:\/\/pelicanoproperties.mx\/fr\/contactez-pelicano-properties-a-playa-del-carmen-et-sur-la-riviera-maya\/\" \/>\n<meta property=\"og:locale\" content=\"fr_FR\" \/>\n<meta property=\"og:type\" content=\"article\" \/>\n<meta property=\"og:title\" content=\"CONTACT - Pelicano Properties\" \/>\n<meta property=\"og:description\" content=\"Contactez Pelicano Properties, agence immobili\u00e8re \u00e0 Playa del carmen, si vous souhaitez investir dans le paradis m\u00e9xicain\" \/>\n<meta property=\"og:url\" content=\"https:\/\/pelicanoproperties.mx\/fr\/contactez-pelicano-properties-a-playa-del-carmen-et-sur-la-riviera-maya\/\" \/>\n<meta property=\"og:site_name\" content=\"Pelicano Properties\" \/>\n<meta property=\"article:modified_time\" content=\"2025-10-17T19:03:10+00:00\" \/>\n<meta property=\"og:image\" content=\"https:\/\/pelicanoproperties.mx\/wp-content\/uploads\/2017\/10\/ico2.jpg\" \/>\n<meta name=\"twitter:card\" content=\"summary_large_image\" \/>\n<meta name=\"twitter:label1\" content=\"Dur\u00e9e de lecture estim\u00e9e\" \/>\n\t<meta name=\"twitter:data1\" content=\"1 minute\" \/>\n<script type=\"application\/ld+json\" class=\"yoast-schema-graph\">{\"@context\":\"https:\/\/schema.org\",\"@graph\":[{\"@type\":\"WebPage\",\"@id\":\"https:\/\/pelicanoproperties.mx\/fr\/contactez-pelicano-properties-a-playa-del-carmen-et-sur-la-riviera-maya\/\",\"url\":\"https:\/\/pelicanoproperties.mx\/fr\/contactez-pelicano-properties-a-playa-del-carmen-et-sur-la-riviera-maya\/\",\"name\":\"CONTACT - Pelicano Properties\",\"isPartOf\":{\"@id\":\"https:\/\/pelicanoproperties.mx\/#website\"},\"datePublished\":\"2018-02-13T04:44:36+00:00\",\"dateModified\":\"2025-10-17T19:03:10+00:00\",\"description\":\"Contactez Pelicano Properties, agence immobili\u00e8re \u00e0 Playa del carmen, si vous souhaitez investir dans le paradis m\u00e9xicain\",\"breadcrumb\":{\"@id\":\"https:\/\/pelicanoproperties.mx\/fr\/contactez-pelicano-properties-a-playa-del-carmen-et-sur-la-riviera-maya\/#breadcrumb\"},\"inLanguage\":\"fr-FR\",\"potentialAction\":[{\"@type\":\"ReadAction\",\"target\":[\"https:\/\/pelicanoproperties.mx\/fr\/contactez-pelicano-properties-a-playa-del-carmen-et-sur-la-riviera-maya\/\"]}]},{\"@type\":\"BreadcrumbList\",\"@id\":\"https:\/\/pelicanoproperties.mx\/fr\/contactez-pelicano-properties-a-playa-del-carmen-et-sur-la-riviera-maya\/#breadcrumb\",\"itemListElement\":[{\"@type\":\"ListItem\",\"position\":1,\"name\":\"Portada\",\"item\":\"https:\/\/pelicanoproperties.mx\/fr\/\"},{\"@type\":\"ListItem\",\"position\":2,\"name\":\"CONTACT\"}]},{\"@type\":\"WebSite\",\"@id\":\"https:\/\/pelicanoproperties.mx\/#website\",\"url\":\"https:\/\/pelicanoproperties.mx\/\",\"name\":\"Pelicano Properties\",\"description\":\"Pelicano Properties\",\"potentialAction\":[{\"@type\":\"SearchAction\",\"target\":{\"@type\":\"EntryPoint\",\"urlTemplate\":\"https:\/\/pelicanoproperties.mx\/?s={search_term_string}\"},\"query-input\":\"required name=search_term_string\"}],\"inLanguage\":\"fr-FR\"}]}<\/script>\n<!-- \/ Yoast SEO plugin. -->","yoast_head_json":{"title":"CONTACT - Pelicano Properties","description":"Contactez Pelicano Properties, agence immobili\u00e8re \u00e0 Playa del carmen, si vous souhaitez investir dans le paradis m\u00e9xicain","robots":{"index":"index","follow":"follow","max-snippet":"max-snippet:-1","max-image-preview":"max-image-preview:large","max-video-preview":"max-video-preview:-1"},"canonical":"https:\/\/pelicanoproperties.mx\/fr\/contactez-pelicano-properties-a-playa-del-carmen-et-sur-la-riviera-maya\/","og_locale":"fr_FR","og_type":"article","og_title":"CONTACT - Pelicano Properties","og_description":"Contactez Pelicano Properties, agence immobili\u00e8re \u00e0 Playa del carmen, si vous souhaitez investir dans le paradis m\u00e9xicain","og_url":"https:\/\/pelicanoproperties.mx\/fr\/contactez-pelicano-properties-a-playa-del-carmen-et-sur-la-riviera-maya\/","og_site_name":"Pelicano Properties","article_modified_time":"2025-10-17T19:03:10+00:00","og_image":[{"url":"https:\/\/pelicanoproperties.mx\/wp-content\/uploads\/2017\/10\/ico2.jpg"}],"twitter_card":"summary_large_image","twitter_misc":{"Dur\u00e9e de lecture estim\u00e9e":"1 minute"},"schema":{"@context":"https:\/\/schema.org","@graph":[{"@type":"WebPage","@id":"https:\/\/pelicanoproperties.mx\/fr\/contactez-pelicano-properties-a-playa-del-carmen-et-sur-la-riviera-maya\/","url":"https:\/\/pelicanoproperties.mx\/fr\/contactez-pelicano-properties-a-playa-del-carmen-et-sur-la-riviera-maya\/","name":"CONTACT - Pelicano Properties","isPartOf":{"@id":"https:\/\/pelicanoproperties.mx\/#website"},"datePublished":"2018-02-13T04:44:36+00:00","dateModified":"2025-10-17T19:03:10+00:00","description":"Contactez Pelicano Properties, agence immobili\u00e8re \u00e0 Playa del carmen, si vous souhaitez investir dans le paradis m\u00e9xicain","breadcrumb":{"@id":"https:\/\/pelicanoproperties.mx\/fr\/contactez-pelicano-properties-a-playa-del-carmen-et-sur-la-riviera-maya\/#breadcrumb"},"inLanguage":"fr-FR","potentialAction":[{"@type":"ReadAction","target":["https:\/\/pelicanoproperties.mx\/fr\/contactez-pelicano-properties-a-playa-del-carmen-et-sur-la-riviera-maya\/"]}]},{"@type":"BreadcrumbList","@id":"https:\/\/pelicanoproperties.mx\/fr\/contactez-pelicano-properties-a-playa-del-carmen-et-sur-la-riviera-maya\/#breadcrumb","itemListElement":[{"@type":"ListItem","position":1,"name":"Portada","item":"https:\/\/pelicanoproperties.mx\/fr\/"},{"@type":"ListItem","position":2,"name":"CONTACT"}]},{"@type":"WebSite","@id":"https:\/\/pelicanoproperties.mx\/#website","url":"https:\/\/pelicanoproperties.mx\/","name":"Pelicano Properties","description":"Pelicano Properties","potentialAction":[{"@type":"SearchAction","target":{"@type":"EntryPoint","urlTemplate":"https:\/\/pelicanoproperties.mx\/?s={search_term_string}"},"query-input":"required name=search_term_string"}],"inLanguage":"fr-FR"}]}},"_links":{"self":[{"href":"https:\/\/pelicanoproperties.mx\/fr\/wp-json\/wp\/v2\/pages\/1317","targetHints":{"allow":["GET"]}}],"collection":[{"href":"https:\/\/pelicanoproperties.mx\/fr\/wp-json\/wp\/v2\/pages"}],"about":[{"href":"https:\/\/pelicanoproperties.mx\/fr\/wp-json\/wp\/v2\/types\/page"}],"author":[{"embeddable":true,"href":"https:\/\/pelicanoproperties.mx\/fr\/wp-json\/wp\/v2\/users\/1"}],"replies":[{"embeddable":true,"href":"https:\/\/pelicanoproperties.mx\/fr\/wp-json\/wp\/v2\/comments?post=1317"}],"version-history":[{"count":0,"href":"https:\/\/pelicanoproperties.mx\/fr\/wp-json\/wp\/v2\/pages\/1317\/revisions"}],"wp:attachment":[{"href":"https:\/\/pelicanoproperties.mx\/fr\/wp-json\/wp\/v2\/media?parent=1317"}],"wp:term":[{"taxonomy":"category","embeddable":true,"href":"https:\/\/pelicanoproperties.mx\/fr\/wp-json\/wp\/v2\/categories?post=1317"},{"taxonomy":"post_tag","embeddable":true,"href":"https:\/\/pelicanoproperties.mx\/fr\/wp-json\/wp\/v2\/tags?post=1317"},{"taxonomy":"ciudad","embeddable":true,"href":"https:\/\/pelicanoproperties.mx\/fr\/wp-json\/wp\/v2\/ciudad?post=1317"},{"taxonomy":"precio","embeddable":true,"href":"https:\/\/pelicanoproperties.mx\/fr\/wp-json\/wp\/v2\/precio?post=1317"},{"taxonomy":"tipo","embeddable":true,"href":"https:\/\/pelicanoproperties.mx\/fr\/wp-json\/wp\/v2\/tipo?post=1317"},{"taxonomy":"prix","embeddable":true,"href":"https:\/\/pelicanoproperties.mx\/fr\/wp-json\/wp\/v2\/prix?post=1317"},{"taxonomy":"ville","embeddable":true,"href":"https:\/\/pelicanoproperties.mx\/fr\/wp-json\/wp\/v2\/ville?post=1317"},{"taxonomy":"types","embeddable":true,"href":"https:\/\/pelicanoproperties.mx\/fr\/wp-json\/wp\/v2\/types?post=1317"}],"curies":[{"name":"wp","href":"https:\/\/api.w.org\/{rel}","templated":true}]}}